{"id":1990,"date":"2025-11-14T13:24:40","date_gmt":"2025-11-14T13:24:40","guid":{"rendered":"https:\/\/trips-around-morocco.com\/product\/7-day-morocco-tour-from-tangier\/"},"modified":"2025-12-04T11:21:39","modified_gmt":"2025-12-04T11:21:39","slug":"tour-di-7-giorni-in-marocco-da-tangeri","status":"publish","type":"product","link":"https:\/\/trips-around-morocco.com\/it\/tours\/tour-di-7-giorni-in-marocco-da-tangeri","title":{"rendered":"Tour di 7 giorni in Marocco da Tangeri"},"content":{"rendered":"<p>Panoramica del Tour di 7 giorni in Marocco da Tangeri<\/p>\n<p>5.0 <span style=\"color: #ff8400; font-size: 18px;\">\u2605\u2605\u2605\u2605\u2605<\/span> 201 Recensioni<\/p>\n<p>Il Tour di 7 giorni in Marocco da Tangeri unisce il patrimonio culturale, i paesaggi montani e la bellezza dorata del deserto del Sahara. Questo viaggio collega il vivace nord con le citt\u00e0 imperiali del Marocco e le dune mozzafiato di Merzouga, offrendo un&#8217;esperienza di viaggio equilibrata e indimenticabile.<\/p>\n<h3>Scopri la magia di Chefchaouen e lo spirito senza tempo di F\u00e8s<\/h3>\n<p>La tua avventura inizia a Tangeri e prosegue verso Chefchaouen, il gioiello blu delle montagne del Rif. I suoi vicoli tranquilli, i mercati locali e i punti panoramici creano la perfetta introduzione al Marocco settentrionale. Da qui, la strada conduce a F\u00e8s, una delle pi\u00f9 antiche citt\u00e0 imperiali. Passeggia attraverso la sua medina medievale, le leggendarie concerie e le storiche madrase, dove il patrimonio del paese \u00e8 preservato con orgoglio.<\/p>\n<h3>Passeggia tra antiche rovine romane e citt\u00e0 sacre in cima alle colline<\/h3>\n<p>Questo tour include una visita a Volubilis, le rovine romane meglio conservate del Marocco. Esplora imponenti mosaici, ampi cortili e imponenti archi che rivelano l&#8217;antico passato della regione. Proseguite verso la citt\u00e0 spirituale di Moulay Idriss, in cima a una collina, per poi tornare a Fes per un&#8217;immersione profonda nella cultura marocchina.<\/p>\n<h3>Tour di 7 giorni in Marocco da Tangeri: attraversate il Medio Atlante verso il deserto del Sahara<\/h3>\n<p>Partendo da Fes, il viaggio attraversa le montagne del Medio Atlante, passando per foreste di cedri, villaggi berberi e la citt\u00e0 in stile alpino di Ifrane. Mentre il paesaggio si sposta verso sud, ampi palmeti e pianure desertiche annunciano l&#8217;avvicinarsi del Sahara. Il percorso conduce a Merzouga, la porta d&#8217;accesso alle maestose dune dell&#8217;Erg Chebbi.<\/p>\n<h3>Vivi l&#8217;incanto delle dune del Sahara di Merzouga<\/h3>\n<p>Uno dei punti salienti di questo tour di 7 giorni in Marocco \u00e8 la serena bellezza del deserto di Merzouga. Cavalcate i cammelli attraverso le dune luminose, ammirate un tramonto che tinge l&#8217;orizzonte d&#8217;oro e trascorrete la notte in un tradizionale accampamento nel deserto. Godetevi il cielo stellato, la calda ospitalit\u00e0 e i ritmi del deserto che creano ricordi che dureranno una vita.<\/p>\n<h3>Tour di 7 giorni in Marocco da Tangeri: dal Sahara a Marrakech<\/h3>\n<p>Dopo una magica esperienza nel deserto, il viaggio prosegue attraverso valli, kasbah e paesaggi spettacolari plasmati dal tempo. Il tour si conclude a <a href=\"https:\/\/it.wikipedia.org\/wiki\/Marrakech\">Marrakech<\/a>, la &#8220;Citt\u00e0 Rossa&#8221;, dove vivaci souk, palazzi storici e la famosa piazza <a href=\"https:\/\/it.wikipedia.org\/wiki\/Jamaa_el_Fna\">Jemaa el-Fna<\/a> fondono tradizione e vivace vita quotidiana.<\/p>\n<h3>Un viaggio tra cultura, natura e autentica scoperta<\/h3>\n<p>Questo Tour di 7 giorni in Marocco offre un&#8217;eccezionale variet\u00e0 di esperienze: citt\u00e0 blu, antiche rovine, citt\u00e0 imperiali e le silenziose meraviglie del <a href=\"https:\/\/it.wikipedia.org\/wiki\/Erg_Chebbi\">Sahara<\/a>. Pensato per i viaggiatori in cerca di profondit\u00e0 e autenticit\u00e0, il tour offre un&#8217;esplorazione significativa del Marocco in una sola settimana.<\/p>\n<table class=\"tours-tabs_table\">\n<tbody>\n<tr>\n<td><strong>LUOGO DI PARTENZA\/RITORNO<\/strong><\/td>\n<td>Da Tangeri a Marrakech<\/td>\n<\/tr>\n<tr>\n<td><strong>ORA DI PARTENZA<\/strong><\/td>\n<td>Dalle 8 alle 9<\/td>\n<\/tr>\n<tr>\n<td><strong>INCLUSO<\/strong><\/td>\n<td>\n<table>\n<tbody>\n<tr>\n<td><i class=\"fa fa-check icon-tick icon-tick--on\"><\/i>Arrivo e partenza dalla struttura ricettiva.<\/td>\n<td><i class=\"fa fa-check icon-tick icon-tick--on\"><\/i>Un cammello per ogni persona.<\/td>\n<\/tr>\n<tr>\n<td><i class=\"fa fa-check icon-tick icon-tick--on\"><\/i>Sistemazione in tende berbere.<\/td>\n<td>Un&#8217;auto che funziona a benzina.<i class=\"fa fa-check icon-tick icon-tick--on\"><\/i><\/td>\n<\/tr>\n<\/tbody>\n<\/table>\n<\/td>\n<\/tr>\n<tr>\n<td><strong>NON INCLUSO<\/strong><\/td>\n<td>\n<table>\n<tbody>\n<tr>\n<td><i class=\"fa fa-times icon-tick icon-tick--off\"><\/i>Assicurazione di viaggio.<\/td>\n<\/tr>\n<tr>\n<td>Pranzi<i class=\"fa fa-times icon-tick icon-tick--off\"><\/i><\/td>\n<\/tr>\n<\/tbody>\n<\/table>\n<\/td>\n<\/tr>\n<\/tbody>\n<\/table>\n","protected":false},"excerpt":{"rendered":"<p>Panoramica del Tour di 7 giorni in Marocco da Tangeri<br \/>\n5.0 \u2605\u2605\u2605\u2605\u2605 201 Recensioni<br \/>\nIl Tour di 7 giorni in Marocco da Tangeri unisce il patrimonio culturale, i paesaggi montani <\/p>\n","protected":false},"featured_media":2005,"comment_status":"open","ping_status":"closed","template":"","meta":{"_joinchat":[]},"product_brand":[],"product_cat":[],"product_tag":[],"class_list":{"0":"post-1990","1":"product","2":"type-product","3":"status-publish","4":"has-post-thumbnail","6":"tour_phys-tour-da-tangeri","7":"pa_destination-tangeri","8":"pa_month-april","9":"pa_month-december","10":"pa_month-january","12":"first","13":"instock","14":"shipping-taxable","15":"product-type-tour_phys"},"yoast_head":"<!-- This site is optimized with the Yoast SEO plugin v27.3 - https:\/\/yoast.com\/product\/yoast-seo-wordpress\/ -->\n<title>Tour di 7 giorni in Marocco da Tangeri - Avventura nel deserto<\/title>\n<meta name=\"description\" content=\"Parti per un tour di 7 giorni in Marocco da Tangeri ed esplora le strade blu di Chefchaouen, la citt\u00e0 storica di Fes e le rovine romane di Volubilis.\" \/>\n<meta name=\"robots\" content=\"index, follow, max-snippet:-1, max-image-preview:large, max-video-preview:-1\" \/>\n<link rel=\"canonical\" href=\"https:\/\/trips-around-morocco.com\/it\/tours\/tour-di-7-giorni-in-marocco-da-tangeri\/\" \/>\n<meta property=\"og:locale\" content=\"it_IT\" \/>\n<meta property=\"og:type\" content=\"article\" \/>\n<meta property=\"og:title\" content=\"Tour di 7 giorni in Marocco da Tangeri - Avventura nel deserto\" \/>\n<meta property=\"og:description\" content=\"Parti per un tour di 7 giorni in Marocco da Tangeri ed esplora le strade blu di Chefchaouen, la citt\u00e0 storica di Fes e le rovine romane di Volubilis.\" \/>\n<meta property=\"og:url\" content=\"https:\/\/trips-around-morocco.com\/it\/tours\/tour-di-7-giorni-in-marocco-da-tangeri\" \/>\n<meta property=\"og:site_name\" content=\"Trips Around Morocco\" \/>\n<meta property=\"article:modified_time\" content=\"2025-12-04T11:21:39+00:00\" \/>\n<meta property=\"og:image\" content=\"https:\/\/trips-around-morocco.com\/wp-content\/uploads\/2025\/11\/Tour-di-7-giorni-in-Marocco-da-Tangeri-5.jpg\" \/>\n\t<meta property=\"og:image:width\" content=\"1280\" \/>\n\t<meta property=\"og:image:height\" content=\"853\" \/>\n\t<meta property=\"og:image:type\" content=\"image\/jpeg\" \/>\n<meta name=\"twitter:card\" content=\"summary_large_image\" \/>\n<meta name=\"twitter:label1\" content=\"Tempo di lettura stimato\" \/>\n\t<meta name=\"twitter:data1\" content=\"3 minuti\" \/>\n<!-- \/ Yoast SEO plugin. -->","yoast_head_json":{"title":"Tour di 7 giorni in Marocco da Tangeri - Avventura nel deserto","description":"Parti per un tour di 7 giorni in Marocco da Tangeri ed esplora le strade blu di Chefchaouen, la citt\u00e0 storica di Fes e le rovine romane di Volubilis.","robots":{"index":"index","follow":"follow","max-snippet":"max-snippet:-1","max-image-preview":"max-image-preview:large","max-video-preview":"max-video-preview:-1"},"canonical":"https:\/\/trips-around-morocco.com\/it\/tours\/tour-di-7-giorni-in-marocco-da-tangeri\/","og_locale":"it_IT","og_type":"article","og_title":"Tour di 7 giorni in Marocco da Tangeri - Avventura nel deserto","og_description":"Parti per un tour di 7 giorni in Marocco da Tangeri ed esplora le strade blu di Chefchaouen, la citt\u00e0 storica di Fes e le rovine romane di Volubilis.","og_url":"https:\/\/trips-around-morocco.com\/it\/tours\/tour-di-7-giorni-in-marocco-da-tangeri","og_site_name":"Trips Around Morocco","article_modified_time":"2025-12-04T11:21:39+00:00","og_image":[{"width":1280,"height":853,"url":"https:\/\/trips-around-morocco.com\/wp-content\/uploads\/2025\/11\/Tour-di-7-giorni-in-Marocco-da-Tangeri-5.jpg","type":"image\/jpeg"}],"twitter_card":"summary_large_image","twitter_misc":{"Tempo di lettura stimato":"3 minuti"},"schema":{"@context":"https:\/\/schema.org","@graph":[{"@type":"WebPage","@id":"https:\/\/trips-around-morocco.com\/it\/tours\/tour-di-7-giorni-in-marocco-da-tangeri","url":"https:\/\/trips-around-morocco.com\/it\/tours\/tour-di-7-giorni-in-marocco-da-tangeri","name":"Tour di 7 giorni in Marocco da Tangeri - Avventura nel deserto","isPartOf":{"@id":"https:\/\/trips-around-morocco.com\/it\/#website"},"primaryImageOfPage":{"@id":"https:\/\/trips-around-morocco.com\/it\/tours\/tour-di-7-giorni-in-marocco-da-tangeri#primaryimage"},"image":{"@id":"https:\/\/trips-around-morocco.com\/it\/tours\/tour-di-7-giorni-in-marocco-da-tangeri#primaryimage"},"thumbnailUrl":"https:\/\/trips-around-morocco.com\/wp-content\/uploads\/2025\/11\/Tour-di-7-giorni-in-Marocco-da-Tangeri-5.jpg","datePublished":"2025-11-14T13:24:40+00:00","dateModified":"2025-12-04T11:21:39+00:00","description":"Parti per un tour di 7 giorni in Marocco da Tangeri ed esplora le strade blu di Chefchaouen, la citt\u00e0 storica di Fes e le rovine romane di Volubilis.","breadcrumb":{"@id":"https:\/\/trips-around-morocco.com\/it\/tours\/tour-di-7-giorni-in-marocco-da-tangeri#breadcrumb"},"inLanguage":"it-IT","potentialAction":[{"@type":"ReadAction","target":["https:\/\/trips-around-morocco.com\/it\/tours\/tour-di-7-giorni-in-marocco-da-tangeri"]}]},{"@type":"ImageObject","inLanguage":"it-IT","@id":"https:\/\/trips-around-morocco.com\/it\/tours\/tour-di-7-giorni-in-marocco-da-tangeri#primaryimage","url":"https:\/\/trips-around-morocco.com\/wp-content\/uploads\/2025\/11\/Tour-di-7-giorni-in-Marocco-da-Tangeri-5.jpg","contentUrl":"https:\/\/trips-around-morocco.com\/wp-content\/uploads\/2025\/11\/Tour-di-7-giorni-in-Marocco-da-Tangeri-5.jpg","width":1280,"height":853,"caption":"Tramonto sul paesaggio urbano marocchino"},{"@type":"BreadcrumbList","@id":"https:\/\/trips-around-morocco.com\/it\/tours\/tour-di-7-giorni-in-marocco-da-tangeri#breadcrumb","itemListElement":[{"@type":"ListItem","position":1,"name":"Home","item":"https:\/\/trips-around-morocco.com\/it\/"},{"@type":"ListItem","position":2,"name":"Prodotti","item":"https:\/\/trips-around-morocco.com\/it\/shop\/"},{"@type":"ListItem","position":3,"name":"Tour di 7 giorni in Marocco da Tangeri"}]},{"@type":"WebSite","@id":"https:\/\/trips-around-morocco.com\/it\/#website","url":"https:\/\/trips-around-morocco.com\/it\/","name":"Trips Around Morocco","description":"Travel Agency","potentialAction":[{"@type":"SearchAction","target":{"@type":"EntryPoint","urlTemplate":"https:\/\/trips-around-morocco.com\/it\/?s={search_term_string}"},"query-input":{"@type":"PropertyValueSpecification","valueRequired":true,"valueName":"search_term_string"}}],"inLanguage":"it-IT"}]}},"_links":{"self":[{"href":"https:\/\/trips-around-morocco.com\/it\/wp-json\/wp\/v2\/product\/1990","targetHints":{"allow":["GET"]}}],"collection":[{"href":"https:\/\/trips-around-morocco.com\/it\/wp-json\/wp\/v2\/product"}],"about":[{"href":"https:\/\/trips-around-morocco.com\/it\/wp-json\/wp\/v2\/types\/product"}],"replies":[{"embeddable":true,"href":"https:\/\/trips-around-morocco.com\/it\/wp-json\/wp\/v2\/comments?post=1990"}],"wp:featuredmedia":[{"embeddable":true,"href":"https:\/\/trips-around-morocco.com\/it\/wp-json\/wp\/v2\/media\/2005"}],"wp:attachment":[{"href":"https:\/\/trips-around-morocco.com\/it\/wp-json\/wp\/v2\/media?parent=1990"}],"wp:term":[{"taxonomy":"product_brand","embeddable":true,"href":"https:\/\/trips-around-morocco.com\/it\/wp-json\/wp\/v2\/product_brand?post=1990"},{"taxonomy":"product_cat","embeddable":true,"href":"https:\/\/trips-around-morocco.com\/it\/wp-json\/wp\/v2\/product_cat?post=1990"},{"taxonomy":"product_tag","embeddable":true,"href":"https:\/\/trips-around-morocco.com\/it\/wp-json\/wp\/v2\/product_tag?post=1990"}],"curies":[{"name":"wp","href":"https:\/\/api.w.org\/{rel}","templated":true}]}}