{"id":2094,"date":"2025-11-12T19:17:20","date_gmt":"2025-11-12T19:17:20","guid":{"rendered":"https:\/\/trips-around-morocco.com\/product\/11-days-morocco-tour-from-casablanca\/"},"modified":"2025-12-04T11:57:21","modified_gmt":"2025-12-04T11:57:21","slug":"tour-di-11-giorni-in-marocco-da-casablanca","status":"publish","type":"product","link":"https:\/\/trips-around-morocco.com\/it\/tours\/tour-di-11-giorni-in-marocco-da-casablanca","title":{"rendered":"Tour di 11 giorni in Marocco da Casablanca"},"content":{"rendered":"<p>Panoramica del tour di 11 giorni in Marocco da Casablanca<\/p>\n<p>5.0 <span style=\"color: #ff8400; font-size: 18px;\">\u2605\u2605\u2605\u2605\u2605<\/span> 301 Recensioni<\/p>\n<p>Vivi un&#8217;avventura straordinaria in Marocco con questo tour di 11 giorni da Casablanca. Questo itinerario attentamente studiato ti permetter\u00e0 di scoprire i tesori pi\u00f9 preziosi del paese, dalle sue coste atlantiche ai paesaggi desertici e alle citt\u00e0 imperiali. Ogni tappa svela il fascino autentico del Marocco, le sue tradizioni radicate e la sua bellezza mozzafiato.<\/p>\n<h2>Inizia a Casablanca e Rabat<\/h2>\n<p>Inizia il tuo viaggio in Marocco a Casablanca, il centro moderno ed economico del paese, dove la maestosa Moschea di Hassan II si erge orgogliosa in riva all&#8217;oceano. Prosegui verso Rabat, l&#8217;elegante capitale del Marocco, ed esplora monumenti come la Torre di Hassan e la Kasbah degli Ouda\u00efa prima di dirigerti a nord.<\/p>\n<h2>Scopri la Perla Blu di Chefchaouen<\/h2>\n<p>Immersa tra le montagne del Rif, Chefchaouen ti accoglie con le sue rilassanti strade blu, l&#8217;atmosfera tranquilla e le viste panoramiche. Questa pittoresca citt\u00e0 \u00e8 perfetta per la fotografia, il relax e per scoprire la tradizionale vita di montagna marocchina.<\/p>\n<h2>Esplora Fes, la capitale spirituale<\/h2>\n<p>Entra a <a href=\"https:\/\/it.wikipedia.org\/wiki\/F%C3%A8s\">Fes<\/a>, una delle medine pi\u00f9 antiche e affascinanti del mondo. Passeggiate tra stretti vicoli fiancheggiati da mercati colorati, visitate l&#8217;Universit\u00e0 Al Quaraouiyine e ammirate la tradizionale conceria Chouara. F\u00e8s offre uno sguardo autentico sul ricco patrimonio e l&#8217;artigianato del Marocco.<\/p>\n<h2>Viaggio attraverso le montagne dell&#8217;Atlante fino al Sahara<\/h2>\n<p>Attraversate il Medio e l&#8217;Alto Atlante, passando per <a href=\"https:\/\/it.wikipedia.org\/wiki\/Ifrane\">Ifrane<\/a> e le foreste di cedri di Azrou prima di raggiungere Merzouga, la porta del deserto. Qui, potrete godervi un giro in cammello tra le dune dorate dell&#8217;Erg Chebbi, ammirare un tramonto incantevole e trascorrere una notte magica sotto le stelle in un accampamento nel deserto.<\/p>\n<h2>Esplorate le Gole e le Antiche Kasbah<\/h2>\n<p>Proseguite attraverso le spettacolari Gole del Todra e del Dades, dove alte pareti di canyon si ergono su valli ricche di palme. Visitate l&#8217;antica Kasbah di Ait Benhaddou, patrimonio mondiale dell&#8217;UNESCO, nota per la sua splendida architettura in terra cruda e la sua storia cinematografica.<\/p>\n<h2>Termina a Marrakech, la Citt\u00e0 Rossa<\/h2>\n<p>La vostra avventura si conclude a Marrakech, una citt\u00e0 vibrante, piena di energia e colore. Passeggiate per Piazza Jemaa El Fna, esplorate i Giardini Majorelle e visitate la Moschea della <a href=\"https:\/\/it.wikipedia.org\/wiki\/Moschea_della_Kutubiyya\">Koutoubia<\/a>. Il mix di storia, cultura e modernit\u00e0 rende Marrakech il finale perfetto per il vostro viaggio in Marocco.<\/p>\n<table class=\"tours-tabs_table\" style=\"height: 269px;\" width=\"713\">\n<tbody>\n<tr>\n<td><strong>LUOGO DI PARTENZA\/RITORNO<\/strong><\/td>\n<td>Casablanca a Marrakech\/Casablanca<\/td>\n<\/tr>\n<tr>\n<td><strong>ORA DI PARTENZA<\/strong><\/td>\n<td>Dalle 8 alle 9<\/td>\n<\/tr>\n<tr>\n<td><strong>INCLUSO<\/strong><\/td>\n<td>\n<table>\n<tbody>\n<tr>\n<td><i class=\"fa fa-check icon-tick icon-tick--on\"><\/i>Arrivo e partenza dalla struttura ricettiva.<\/td>\n<td><i class=\"fa fa-check icon-tick icon-tick--on\"><\/i>Un cammello per ogni persona.<\/td>\n<\/tr>\n<tr>\n<td><i class=\"fa fa-check icon-tick icon-tick--on\"><\/i>Sistemazione in tende berbere.<\/td>\n<td>un&#8217;auto che funziona a benzina.<i class=\"fa fa-check icon-tick icon-tick--on\"><\/i><\/td>\n<\/tr>\n<\/tbody>\n<\/table>\n<\/td>\n<\/tr>\n<tr>\n<td><strong>NON INCLUSO<\/strong><\/td>\n<td>\n<table>\n<tbody>\n<tr>\n<td><i class=\"fa fa-times icon-tick icon-tick--off\"><\/i>Assicurazione di viaggio.<\/td>\n<\/tr>\n<tr>\n<td>Pranzi<i class=\"fa fa-times icon-tick icon-tick--off\"><\/i><\/td>\n<\/tr>\n<\/tbody>\n<\/table>\n<\/td>\n<\/tr>\n<\/tbody>\n<\/table>\n","protected":false},"excerpt":{"rendered":"<p>Panoramica del tour di 11 giorni in Marocco da Casablanca<br \/>\n5.0 \u2605\u2605\u2605\u2605\u2605 301 Recensioni<br \/>\nVivi un&#8217;avventura straordinaria in Marocco con questo tour di 11 giorni da Casablanca. Questo itinerario attentamente <\/p>\n","protected":false},"featured_media":2102,"comment_status":"open","ping_status":"closed","template":"","meta":{"_joinchat":[]},"product_brand":[],"product_cat":[],"product_tag":[],"class_list":{"0":"post-2094","1":"product","2":"type-product","3":"status-publish","4":"has-post-thumbnail","6":"tour_phys-tour-di-casablanca","7":"pa_destination-casablanca","8":"pa_month-april","9":"pa_month-december","10":"pa_month-january","12":"first","13":"instock","14":"shipping-taxable","15":"product-type-tour_phys"},"yoast_head":"<!-- This site is optimized with the Yoast SEO plugin v27.5 - https:\/\/yoast.com\/product\/yoast-seo-wordpress\/ -->\n<title>Tour di 11 giorni in Marocco da Casablanca<\/title>\n<meta name=\"description\" content=\"Scopri il Marocco con un tour di 11 giorni da Casablanca. Esplora Chefchaouen, Fes, il deserto del Sahara e Marrakech. Un viaggio tra bellezza e cultura.\" \/>\n<meta name=\"robots\" content=\"index, follow, max-snippet:-1, max-image-preview:large, max-video-preview:-1\" \/>\n<link rel=\"canonical\" href=\"https:\/\/trips-around-morocco.com\/it\/tours\/tour-di-11-giorni-in-marocco-da-casablanca\/\" \/>\n<meta property=\"og:locale\" content=\"it_IT\" \/>\n<meta property=\"og:type\" content=\"article\" \/>\n<meta property=\"og:title\" content=\"Tour di 11 giorni in Marocco da Casablanca\" \/>\n<meta property=\"og:description\" content=\"Scopri il Marocco con un tour di 11 giorni da Casablanca. Esplora Chefchaouen, Fes, il deserto del Sahara e Marrakech. Un viaggio tra bellezza e cultura.\" \/>\n<meta property=\"og:url\" content=\"https:\/\/trips-around-morocco.com\/it\/tours\/tour-di-11-giorni-in-marocco-da-casablanca\" \/>\n<meta property=\"og:site_name\" content=\"Trips Around Morocco\" \/>\n<meta property=\"article:modified_time\" content=\"2025-12-04T11:57:21+00:00\" \/>\n<meta property=\"og:image\" content=\"https:\/\/trips-around-morocco.com\/wp-content\/uploads\/2025\/11\/Tour-di-11-giorni-in-Marocco-da-Casablanca-4.jpg\" \/>\n\t<meta property=\"og:image:width\" content=\"1280\" \/>\n\t<meta property=\"og:image:height\" content=\"853\" \/>\n\t<meta property=\"og:image:type\" content=\"image\/jpeg\" \/>\n<meta name=\"twitter:card\" content=\"summary_large_image\" \/>\n<meta name=\"twitter:label1\" content=\"Tempo di lettura stimato\" \/>\n\t<meta name=\"twitter:data1\" content=\"3 minuti\" \/>\n<!-- \/ Yoast SEO plugin. -->","yoast_head_json":{"title":"Tour di 11 giorni in Marocco da Casablanca","description":"Scopri il Marocco con un tour di 11 giorni da Casablanca. Esplora Chefchaouen, Fes, il deserto del Sahara e Marrakech. Un viaggio tra bellezza e cultura.","robots":{"index":"index","follow":"follow","max-snippet":"max-snippet:-1","max-image-preview":"max-image-preview:large","max-video-preview":"max-video-preview:-1"},"canonical":"https:\/\/trips-around-morocco.com\/it\/tours\/tour-di-11-giorni-in-marocco-da-casablanca\/","og_locale":"it_IT","og_type":"article","og_title":"Tour di 11 giorni in Marocco da Casablanca","og_description":"Scopri il Marocco con un tour di 11 giorni da Casablanca. Esplora Chefchaouen, Fes, il deserto del Sahara e Marrakech. Un viaggio tra bellezza e cultura.","og_url":"https:\/\/trips-around-morocco.com\/it\/tours\/tour-di-11-giorni-in-marocco-da-casablanca","og_site_name":"Trips Around Morocco","article_modified_time":"2025-12-04T11:57:21+00:00","og_image":[{"width":1280,"height":853,"url":"https:\/\/trips-around-morocco.com\/wp-content\/uploads\/2025\/11\/Tour-di-11-giorni-in-Marocco-da-Casablanca-4.jpg","type":"image\/jpeg"}],"twitter_card":"summary_large_image","twitter_misc":{"Tempo di lettura stimato":"3 minuti"},"schema":{"@context":"https:\/\/schema.org","@graph":[{"@type":"WebPage","@id":"https:\/\/trips-around-morocco.com\/it\/tours\/tour-di-11-giorni-in-marocco-da-casablanca","url":"https:\/\/trips-around-morocco.com\/it\/tours\/tour-di-11-giorni-in-marocco-da-casablanca","name":"Tour di 11 giorni in Marocco da Casablanca","isPartOf":{"@id":"https:\/\/trips-around-morocco.com\/it\/#website"},"primaryImageOfPage":{"@id":"https:\/\/trips-around-morocco.com\/it\/tours\/tour-di-11-giorni-in-marocco-da-casablanca#primaryimage"},"image":{"@id":"https:\/\/trips-around-morocco.com\/it\/tours\/tour-di-11-giorni-in-marocco-da-casablanca#primaryimage"},"thumbnailUrl":"https:\/\/trips-around-morocco.com\/wp-content\/uploads\/2025\/11\/Tour-di-11-giorni-in-Marocco-da-Casablanca-4.jpg","datePublished":"2025-11-12T19:17:20+00:00","dateModified":"2025-12-04T11:57:21+00:00","description":"Scopri il Marocco con un tour di 11 giorni da Casablanca. Esplora Chefchaouen, Fes, il deserto del Sahara e Marrakech. Un viaggio tra bellezza e cultura.","breadcrumb":{"@id":"https:\/\/trips-around-morocco.com\/it\/tours\/tour-di-11-giorni-in-marocco-da-casablanca#breadcrumb"},"inLanguage":"it-IT","potentialAction":[{"@type":"ReadAction","target":["https:\/\/trips-around-morocco.com\/it\/tours\/tour-di-11-giorni-in-marocco-da-casablanca"]}]},{"@type":"ImageObject","inLanguage":"it-IT","@id":"https:\/\/trips-around-morocco.com\/it\/tours\/tour-di-11-giorni-in-marocco-da-casablanca#primaryimage","url":"https:\/\/trips-around-morocco.com\/wp-content\/uploads\/2025\/11\/Tour-di-11-giorni-in-Marocco-da-Casablanca-4.jpg","contentUrl":"https:\/\/trips-around-morocco.com\/wp-content\/uploads\/2025\/11\/Tour-di-11-giorni-in-Marocco-da-Casablanca-4.jpg","width":1280,"height":853,"caption":"Moschea di Hassan II a Casablanca, Marocco"},{"@type":"BreadcrumbList","@id":"https:\/\/trips-around-morocco.com\/it\/tours\/tour-di-11-giorni-in-marocco-da-casablanca#breadcrumb","itemListElement":[{"@type":"ListItem","position":1,"name":"Home","item":"https:\/\/trips-around-morocco.com\/it\/"},{"@type":"ListItem","position":2,"name":"Prodotti","item":"https:\/\/trips-around-morocco.com\/it\/shop\/"},{"@type":"ListItem","position":3,"name":"Tour di 11 giorni in Marocco da Casablanca"}]},{"@type":"WebSite","@id":"https:\/\/trips-around-morocco.com\/it\/#website","url":"https:\/\/trips-around-morocco.com\/it\/","name":"Trips Around Morocco","description":"Travel Agency","potentialAction":[{"@type":"SearchAction","target":{"@type":"EntryPoint","urlTemplate":"https:\/\/trips-around-morocco.com\/it\/?s={search_term_string}"},"query-input":{"@type":"PropertyValueSpecification","valueRequired":true,"valueName":"search_term_string"}}],"inLanguage":"it-IT"}]}},"_links":{"self":[{"href":"https:\/\/trips-around-morocco.com\/it\/wp-json\/wp\/v2\/product\/2094","targetHints":{"allow":["GET"]}}],"collection":[{"href":"https:\/\/trips-around-morocco.com\/it\/wp-json\/wp\/v2\/product"}],"about":[{"href":"https:\/\/trips-around-morocco.com\/it\/wp-json\/wp\/v2\/types\/product"}],"replies":[{"embeddable":true,"href":"https:\/\/trips-around-morocco.com\/it\/wp-json\/wp\/v2\/comments?post=2094"}],"wp:featuredmedia":[{"embeddable":true,"href":"https:\/\/trips-around-morocco.com\/it\/wp-json\/wp\/v2\/media\/2102"}],"wp:attachment":[{"href":"https:\/\/trips-around-morocco.com\/it\/wp-json\/wp\/v2\/media?parent=2094"}],"wp:term":[{"taxonomy":"product_brand","embeddable":true,"href":"https:\/\/trips-around-morocco.com\/it\/wp-json\/wp\/v2\/product_brand?post=2094"},{"taxonomy":"product_cat","embeddable":true,"href":"https:\/\/trips-around-morocco.com\/it\/wp-json\/wp\/v2\/product_cat?post=2094"},{"taxonomy":"product_tag","embeddable":true,"href":"https:\/\/trips-around-morocco.com\/it\/wp-json\/wp\/v2\/product_tag?post=2094"}],"curies":[{"name":"wp","href":"https:\/\/api.w.org\/{rel}","templated":true}]}}