{"id":2169,"date":"2025-11-12T12:58:25","date_gmt":"2025-11-12T12:58:25","guid":{"rendered":"https:\/\/trips-around-morocco.com\/product\/8-days-morocco-tour-from-casablanca\/"},"modified":"2025-12-04T15:37:31","modified_gmt":"2025-12-04T15:37:31","slug":"tour-di-8-giorni-in-marocco-da-casablanca","status":"publish","type":"product","link":"https:\/\/trips-around-morocco.com\/it\/tours\/tour-di-8-giorni-in-marocco-da-casablanca","title":{"rendered":"Tour di 8 giorni in Marocco da Casablanca"},"content":{"rendered":"<p>Panoramica del tour di 8 giorni in Marocco da Casablanca<\/p>\n<p>5.0 <span style=\"color: #ff8400; font-size: 18px;\">\u2605\u2605\u2605\u2605\u2605<\/span> 103 Recensioni<\/p>\n<p>Il tour di 8 giorni in Marocco da Casablanca offre un perfetto mix di cultura, storia e avventura. Questo viaggio vi porter\u00e0 dalla costa atlantica al deserto del Sahara, attraversando le splendide montagne dell&#8217;Alto Atlante. Lungo il percorso, esplorerete le citt\u00e0 pi\u00f9 affascinanti del Marocco, i siti antichi e le meraviglie naturali, scoprendo le ricche tradizioni e il patrimonio berbero del paese.<\/p>\n<h2>Esplorazione di Casablanca e Rabat<\/h2>\n<p>Iniziate la vostra avventura marocchina a Casablanca, la citt\u00e0 pi\u00f9 grande e il centro economico del paese. Visitate la magnifica Moschea di Hassan II, una delle pi\u00f9 grandi del mondo, prima di proseguire per Rabat, l&#8217;elegante capitale. Scoprite la Torre di Hassan, il Mausoleo Reale e la Kasbah degli Ouda\u00efa, che offre una vista mozzafiato sul fiume Bouregreg e sull&#8217;Oceano Atlantico.<\/p>\n<h2>Eredit\u00e0 imperiale di Mekn\u00e8s e Volubilis<\/h2>\n<p>Viaggiate a Mekn\u00e8s, un&#8217;affascinante citt\u00e0 imperiale nota per le sue grandi porte e l&#8217;architettura storica. Esplorate Bab Mansour, le Scuderie Reali e il tranquillo bacino di Sahrij Swani. Nelle vicinanze, visitate le antiche rovine romane di Volubilis, patrimonio mondiale dell&#8217;UNESCO, che rivelano l&#8217;affascinante passato romano del Marocco. Proseguite il vostro viaggio verso F\u00e8s, il cuore culturale e spirituale del Marocco.<\/p>\n<h2>Tour di 8 giorni in Marocco da Casablanca, alla scoperta delle meraviglie di F\u00e8s<\/h2>\n<p>Vivi la magia di F\u00e8s, una delle citt\u00e0 medievali pi\u00f9 antiche del mondo. Passeggiate tra gli stretti vicoli dell&#8217;antica medina, visitate il Palazzo Reale, la Madrasa Bou Inania e l&#8217;Universit\u00e0 di Al Quaraouiyine, la pi\u00f9 antica universit\u00e0 ancora esistente al mondo. Scoprite le famose concerie di Chouara e godetevi una vista panoramica da Borj Nord, che domina i tetti della citt\u00e0.<\/p>\n<h2>Viaggio nel deserto del Sahara<\/h2>\n<p>Dirigetevi a sud attraverso le montagne del Medio Atlante, fermandovi a Ifrane, conosciuta come la &#8220;Svizzera del Marocco&#8221;, e nella foresta di cedri di Azrou, dimora delle scimmie bertucce. Attraversate Midelt e la valle dello Ziz prima di arrivare a Merzouga, la porta d&#8217;accesso al deserto del Sahara. Vivi un&#8217;esperienza unica: un trekking in cammello tra le dune dorate dell&#8217;Erg Chebbi e trascorri la notte in un tradizionale accampamento berbero nel deserto sotto un cielo stellato.<\/p>\n<h2>Gole e valli del Marocco meridionale<\/h2>\n<p>Dopo un&#8217;alba magica nel deserto, attraversa Rissani, luogo di nascita della dinastia reale marocchina, e prosegui verso le spettacolari Gole del Todra, dove imponenti pareti rocciose si ergono su entrambi i lati. Esplora la suggestiva Valle del Dades, nota per le sue formazioni rocciose e le oasi lussureggianti, e trascorri la notte circondato dalla bellezza dei paesaggi meridionali del Marocco.<\/p>\n<h2>Scenario cinematografico e antiche kasbah<\/h2>\n<p>Prosegui verso Ouarzazate, spesso definita la &#8220;Hollywood d&#8217;Africa&#8221;. Visita gli Atlas Film Studios e poi esplora la famosissima kasbah di Ait Benhaddou, una fortezza patrimonio dell&#8217;UNESCO, protagonista di numerosi film internazionali. Goditi il \u200b\u200bpanorama e scopri la storia di questo antico villaggio berbero prima di dirigerti verso le montagne dell&#8217;Alto Atlante.<\/p>\n<h2>Scoperta di Marrakech e conclusione del tour di 8 giorni in Marocco da Casablanca<\/h2>\n<p>Attraversate il passo del Tizi n&#8217;Tichka, una delle strade di montagna pi\u00f9 panoramiche del Marocco, con soste per foto e visite a una cooperativa di olio di Argan. Arrivate a Marrakech, una citt\u00e0 vivace ricca di storia e colori. Scoprite la Moschea della Koutoubia, il Palazzo Bahia, le Tombe Saadiane e il Giardino Majorelle. Passeggiate per la vivace piazza Jemaa el-Fnaa, dove musicisti, cantastorie e bancarelle di cibo locale creano un&#8217;atmosfera indimenticabile.<\/p>\n<h2>Punti salienti del tour di 8 giorni in Marocco da Casablanca<\/h2>\n<p>Visita le citt\u00e0 imperiali del Marocco: Casablanca, <a href=\"https:\/\/it.wikipedia.org\/wiki\/Rabat\">Rabat<\/a>, <a href=\"https:\/\/it.wikipedia.org\/wiki\/Mekn%C3%A8s\">Meknes<\/a>, F\u00e8s e <a href=\"https:\/\/it.wikipedia.org\/wiki\/Marrakech\">Marrakech<\/a><\/p>\n<ul>\n<li>Esplora le antiche rovine romane di Volubilis<\/li>\n<li>Visita il trekking in cammello e il campeggio nel deserto a Merzouga<\/li>\n<li>Scopri le Gole del Todra e la Valle del Dades<\/li>\n<li>Visita la Kasbah di Ait Benhaddou e gli studi cinematografici di Ouarzazate<\/li>\n<li>Attraversa le montagne dell&#8217;Alto Atlante attraverso il passo del Tizi n&#8217;Tichka<\/li>\n<li>Goditi tour guidati con esperti locali a F\u00e8s e Marrakech<\/li>\n<\/ul>\n<table class=\"tours-tabs_table\">\n<tbody>\n<tr>\n<td><strong>LUOGO DI PARTENZA\/RITORNO<\/strong><\/td>\n<td>Casablanca a Marrakech\/Casablanca<\/td>\n<\/tr>\n<tr>\n<td><strong>ORA DI PARTENZA<\/strong><\/td>\n<td>Dalle 8 alle 9<\/td>\n<\/tr>\n<tr>\n<td><strong>INCLUSO<\/strong><\/td>\n<td>\n<table>\n<tbody>\n<tr>\n<td><i class=\"fa fa-check icon-tick icon-tick--on\"><\/i>Arrivo e partenza dalla struttura ricettiva.<\/td>\n<td><i class=\"fa fa-check icon-tick icon-tick--on\"><\/i>Un cammello per ogni persona.<\/td>\n<\/tr>\n<tr>\n<td><i class=\"fa fa-check icon-tick icon-tick--on\"><\/i>Sistemazione in tende berbere.<\/td>\n<td>un&#8217;auto che funziona a benzina.<i class=\"fa fa-check icon-tick icon-tick--on\"><\/i><\/td>\n<\/tr>\n<\/tbody>\n<\/table>\n<\/td>\n<\/tr>\n<tr>\n<td><strong>NON INCLUSO<\/strong><\/td>\n<td>\n<table>\n<tbody>\n<tr>\n<td><i class=\"fa fa-times icon-tick icon-tick--off\"><\/i>Assicurazione di viaggio.<\/td>\n<\/tr>\n<tr>\n<td>Pranzi<i class=\"fa fa-times icon-tick icon-tick--off\"><\/i><\/td>\n<\/tr>\n<\/tbody>\n<\/table>\n<\/td>\n<\/tr>\n<\/tbody>\n<\/table>\n","protected":false},"excerpt":{"rendered":"<p>Panoramica del tour di 8 giorni in Marocco da Casablanca<br \/>\n5.0 \u2605\u2605\u2605\u2605\u2605 103 Recensioni<br \/>\nIl tour di 8 giorni in Marocco da Casablanca offre un perfetto mix di cultura, storia <\/p>\n","protected":false},"featured_media":2173,"comment_status":"open","ping_status":"closed","template":"","meta":{"_joinchat":[]},"product_brand":[],"product_cat":[],"product_tag":[],"class_list":{"0":"post-2169","1":"product","2":"type-product","3":"status-publish","4":"has-post-thumbnail","6":"tour_phys-casablanca-tours","7":"tour_phys-tour-di-casablanca","8":"pa_destination-casablanca","9":"pa_month-april","10":"pa_month-december","11":"pa_month-january","13":"first","14":"instock","15":"shipping-taxable","16":"product-type-tour_phys"},"yoast_head":"<!-- This site is optimized with the Yoast SEO plugin v27.3 - https:\/\/yoast.com\/product\/yoast-seo-wordpress\/ -->\n<title>Tour di 8 giorni in Marocco da Casablanca - Tour imperiale<\/title>\n<meta name=\"description\" content=\"Esplora il Marocco in un tour del Marocco di 8 giorni da Casablanca: Rabat, Meknes, Fes, deserto di Merzouga, valle del Dades, Ait Benhaddou.\" \/>\n<meta name=\"robots\" content=\"index, follow, max-snippet:-1, max-image-preview:large, max-video-preview:-1\" \/>\n<link rel=\"canonical\" href=\"https:\/\/trips-around-morocco.com\/it\/tours\/tour-di-8-giorni-in-marocco-da-casablanca\/\" \/>\n<meta property=\"og:locale\" content=\"it_IT\" \/>\n<meta property=\"og:type\" content=\"article\" \/>\n<meta property=\"og:title\" content=\"Tour di 8 giorni in Marocco da Casablanca - Tour imperiale\" \/>\n<meta property=\"og:description\" content=\"Esplora il Marocco in un tour del Marocco di 8 giorni da Casablanca: Rabat, Meknes, Fes, deserto di Merzouga, valle del Dades, Ait Benhaddou.\" \/>\n<meta property=\"og:url\" content=\"https:\/\/trips-around-morocco.com\/it\/tours\/tour-di-8-giorni-in-marocco-da-casablanca\" \/>\n<meta property=\"og:site_name\" content=\"Trips Around Morocco\" \/>\n<meta property=\"article:modified_time\" content=\"2025-12-04T15:37:31+00:00\" \/>\n<meta property=\"og:image\" content=\"https:\/\/trips-around-morocco.com\/wp-content\/uploads\/2025\/11\/Tour-di-8-giorni-in-Marocco-da-Casablanca-7.jpg\" \/>\n\t<meta property=\"og:image:width\" content=\"1280\" \/>\n\t<meta property=\"og:image:height\" content=\"818\" \/>\n\t<meta property=\"og:image:type\" content=\"image\/jpeg\" \/>\n<meta name=\"twitter:card\" content=\"summary_large_image\" \/>\n<meta name=\"twitter:label1\" content=\"Tempo di lettura stimato\" \/>\n\t<meta name=\"twitter:data1\" content=\"4 minuti\" \/>\n<!-- \/ Yoast SEO plugin. -->","yoast_head_json":{"title":"Tour di 8 giorni in Marocco da Casablanca - Tour imperiale","description":"Esplora il Marocco in un tour del Marocco di 8 giorni da Casablanca: Rabat, Meknes, Fes, deserto di Merzouga, valle del Dades, Ait Benhaddou.","robots":{"index":"index","follow":"follow","max-snippet":"max-snippet:-1","max-image-preview":"max-image-preview:large","max-video-preview":"max-video-preview:-1"},"canonical":"https:\/\/trips-around-morocco.com\/it\/tours\/tour-di-8-giorni-in-marocco-da-casablanca\/","og_locale":"it_IT","og_type":"article","og_title":"Tour di 8 giorni in Marocco da Casablanca - Tour imperiale","og_description":"Esplora il Marocco in un tour del Marocco di 8 giorni da Casablanca: Rabat, Meknes, Fes, deserto di Merzouga, valle del Dades, Ait Benhaddou.","og_url":"https:\/\/trips-around-morocco.com\/it\/tours\/tour-di-8-giorni-in-marocco-da-casablanca","og_site_name":"Trips Around Morocco","article_modified_time":"2025-12-04T15:37:31+00:00","og_image":[{"width":1280,"height":818,"url":"https:\/\/trips-around-morocco.com\/wp-content\/uploads\/2025\/11\/Tour-di-8-giorni-in-Marocco-da-Casablanca-7.jpg","type":"image\/jpeg"}],"twitter_card":"summary_large_image","twitter_misc":{"Tempo di lettura stimato":"4 minuti"},"schema":{"@context":"https:\/\/schema.org","@graph":[{"@type":"WebPage","@id":"https:\/\/trips-around-morocco.com\/it\/tours\/tour-di-8-giorni-in-marocco-da-casablanca","url":"https:\/\/trips-around-morocco.com\/it\/tours\/tour-di-8-giorni-in-marocco-da-casablanca","name":"Tour di 8 giorni in Marocco da Casablanca - Tour imperiale","isPartOf":{"@id":"https:\/\/trips-around-morocco.com\/it\/#website"},"primaryImageOfPage":{"@id":"https:\/\/trips-around-morocco.com\/it\/tours\/tour-di-8-giorni-in-marocco-da-casablanca#primaryimage"},"image":{"@id":"https:\/\/trips-around-morocco.com\/it\/tours\/tour-di-8-giorni-in-marocco-da-casablanca#primaryimage"},"thumbnailUrl":"https:\/\/trips-around-morocco.com\/wp-content\/uploads\/2025\/11\/Tour-di-8-giorni-in-Marocco-da-Casablanca-7.jpg","datePublished":"2025-11-12T12:58:25+00:00","dateModified":"2025-12-04T15:37:31+00:00","description":"Esplora il Marocco in un tour del Marocco di 8 giorni da Casablanca: Rabat, Meknes, Fes, deserto di Merzouga, valle del Dades, Ait Benhaddou.","breadcrumb":{"@id":"https:\/\/trips-around-morocco.com\/it\/tours\/tour-di-8-giorni-in-marocco-da-casablanca#breadcrumb"},"inLanguage":"it-IT","potentialAction":[{"@type":"ReadAction","target":["https:\/\/trips-around-morocco.com\/it\/tours\/tour-di-8-giorni-in-marocco-da-casablanca"]}]},{"@type":"ImageObject","inLanguage":"it-IT","@id":"https:\/\/trips-around-morocco.com\/it\/tours\/tour-di-8-giorni-in-marocco-da-casablanca#primaryimage","url":"https:\/\/trips-around-morocco.com\/wp-content\/uploads\/2025\/11\/Tour-di-8-giorni-in-Marocco-da-Casablanca-7.jpg","contentUrl":"https:\/\/trips-around-morocco.com\/wp-content\/uploads\/2025\/11\/Tour-di-8-giorni-in-Marocco-da-Casablanca-7.jpg","width":1280,"height":818,"caption":"Interno della moschea di Hassan II"},{"@type":"BreadcrumbList","@id":"https:\/\/trips-around-morocco.com\/it\/tours\/tour-di-8-giorni-in-marocco-da-casablanca#breadcrumb","itemListElement":[{"@type":"ListItem","position":1,"name":"Home","item":"https:\/\/trips-around-morocco.com\/it\/"},{"@type":"ListItem","position":2,"name":"Prodotti","item":"https:\/\/trips-around-morocco.com\/it\/shop\/"},{"@type":"ListItem","position":3,"name":"Tour di 8 giorni in Marocco da Casablanca"}]},{"@type":"WebSite","@id":"https:\/\/trips-around-morocco.com\/it\/#website","url":"https:\/\/trips-around-morocco.com\/it\/","name":"Trips Around Morocco","description":"Travel Agency","potentialAction":[{"@type":"SearchAction","target":{"@type":"EntryPoint","urlTemplate":"https:\/\/trips-around-morocco.com\/it\/?s={search_term_string}"},"query-input":{"@type":"PropertyValueSpecification","valueRequired":true,"valueName":"search_term_string"}}],"inLanguage":"it-IT"}]}},"_links":{"self":[{"href":"https:\/\/trips-around-morocco.com\/it\/wp-json\/wp\/v2\/product\/2169","targetHints":{"allow":["GET"]}}],"collection":[{"href":"https:\/\/trips-around-morocco.com\/it\/wp-json\/wp\/v2\/product"}],"about":[{"href":"https:\/\/trips-around-morocco.com\/it\/wp-json\/wp\/v2\/types\/product"}],"replies":[{"embeddable":true,"href":"https:\/\/trips-around-morocco.com\/it\/wp-json\/wp\/v2\/comments?post=2169"}],"wp:featuredmedia":[{"embeddable":true,"href":"https:\/\/trips-around-morocco.com\/it\/wp-json\/wp\/v2\/media\/2173"}],"wp:attachment":[{"href":"https:\/\/trips-around-morocco.com\/it\/wp-json\/wp\/v2\/media?parent=2169"}],"wp:term":[{"taxonomy":"product_brand","embeddable":true,"href":"https:\/\/trips-around-morocco.com\/it\/wp-json\/wp\/v2\/product_brand?post=2169"},{"taxonomy":"product_cat","embeddable":true,"href":"https:\/\/trips-around-morocco.com\/it\/wp-json\/wp\/v2\/product_cat?post=2169"},{"taxonomy":"product_tag","embeddable":true,"href":"https:\/\/trips-around-morocco.com\/it\/wp-json\/wp\/v2\/product_tag?post=2169"}],"curies":[{"name":"wp","href":"https:\/\/api.w.org\/{rel}","templated":true}]}}