{"id":2221,"date":"2025-11-11T18:02:24","date_gmt":"2025-11-11T18:02:24","guid":{"rendered":"https:\/\/trips-around-morocco.com\/product\/6-days-casablanca-merzouga\/"},"modified":"2025-12-05T14:57:54","modified_gmt":"2025-12-05T14:57:54","slug":"tour-di-6-giorni-in-marocco-da-casablanca","status":"publish","type":"product","link":"https:\/\/trips-around-morocco.com\/it\/tours\/tour-di-6-giorni-in-marocco-da-casablanca","title":{"rendered":"Tour di 6 giorni in Marocco da Casablanca"},"content":{"rendered":"<p>Panoramica del tour di 6 giorni in Marocco da Casablanca<\/p>\n<p>5.0 <span style=\"color: #ff8400; font-size: 18px;\">\u2605\u2605\u2605\u2605\u2605<\/span> 624 Recensioni<\/p>\n<p>Scopri la bellezza e la diversit\u00e0 del Marocco con questo tour di 6 giorni da Casablanca, un viaggio che unisce cultura, storia e paesaggi mozzafiato. Partendo dalla vivace citt\u00e0 di Casablanca, questo tour ti porter\u00e0 attraverso le destinazioni pi\u00f9 iconiche del Marocco: dalle citt\u00e0 imperiali di Rabat e Fes alle dune dorate del deserto del Sahara e alle vivaci strade di Marrakech.<\/p>\n<p>Attraversa le montagne del Medio Atlante, visita antiche medine, esplora maestose kasbah e sperimenta la tradizionale ospitalit\u00e0 berbera. Goditi un&#8217;escursione in cammello tra le dune dell&#8217;Erg Chebbi a Merzouga, ammira il tramonto sul Sahara e trascorri la notte sotto un cielo stellato in un accampamento nel deserto. Ogni giorno offre nuove esperienze che rivelano il fascino, la cultura e le bellezze naturali del Marocco.<\/p>\n<p>Questo viaggio di 6 giorni \u00e8 perfetto per i viaggiatori che desiderano visitare i luoghi pi\u00f9 importanti del Marocco, godendo al contempo di comfort, avventura e autenticit\u00e0.<\/p>\n<h2>I punti salienti del tour di 6 giorni da Casablanca<\/h2>\n<ul>\n<li><strong>Casablanca<\/strong>: visita l&#8217;imponente Moschea di Hassan II e passeggia lungo la Corniche Atlantica.<\/li>\n<li><a href=\"https:\/\/it.wikipedia.org\/wiki\/Rabat\"><strong>Rabat<\/strong><\/a>: esplora i monumenti storici della capitale, tra cui la Torre di Hassan e la Kasbah degli Ouda\u00efa.<\/li>\n<li><a href=\"https:\/\/it.wikipedia.org\/wiki\/F%C3%A8s\"><strong>Fes<\/strong><\/a>: passeggia nel labirinto della Medina di Fes, una delle pi\u00f9 antiche al mondo e patrimonio mondiale dell&#8217;UNESCO.<\/li>\n<li><a href=\"https:\/\/it.wikipedia.org\/wiki\/Deserto_del_Sahara_centrale\"><strong>Deserto del Sahara<\/strong><\/a>: cavalca i cammelli tra le dune dell&#8217;Erg Chebbi, goditi un tramonto nel deserto e pernotta in un tradizionale accampamento berbero.<\/li>\n<li><strong>Gole del Todra e del Dades<\/strong>: scopri gli spettacolari canyon e le valli del Marocco, circondati da formazioni rocciose rosse.<\/li>\n<li><strong>Marrakech<\/strong>: concludi la tua avventura nella &#8220;Citt\u00e0 Rossa&#8221;, visitando il Palazzo della Bahia, la Moschea della Koutoubia e la vivace Piazza Jemaa el-Fnaa.<\/li>\n<\/ul>\n<h2>Perch\u00e9 scegliere questo tour<\/h2>\n<ul>\n<li>Trasporto privato e confortevole con autista-guida professionista.<\/li>\n<li>Riad e accampamenti nel deserto accuratamente selezionati che offrono l&#8217;autentica ospitalit\u00e0 marocchina.<\/li>\n<li>Visita le citt\u00e0 e i monumenti naturali pi\u00f9 famosi del Marocco in un unico viaggio.<\/li>\n<li>Equilibrio ideale tra attivit\u00e0 guidate e tempo libero per l&#8217;esplorazione personale.<\/li>\n<li>Un mix perfetto di cultura, avventura e relax.<\/li>\n<\/ul>\n<table class=\"tours-tabs_table\">\n<tbody>\n<tr>\n<td><strong>LUOGO DI PARTENZA\/RITORNO<\/strong><\/td>\n<td>Da Casablanca a Marrakech<\/td>\n<\/tr>\n<tr>\n<td><strong>ORA DI PARTENZA<\/strong><\/td>\n<td>Dalle 7 alle 8<\/td>\n<\/tr>\n<tr>\n<td><strong>INCLUSO<\/strong><\/td>\n<td>\n<table>\n<tbody>\n<tr>\n<td><i class=\"fa fa-check icon-tick icon-tick--on\"><\/i>Arrivo e partenza dalla struttura ricettiva.<\/td>\n<td><i class=\"fa fa-check icon-tick icon-tick--on\"><\/i>Un cammello per ogni persona.<\/td>\n<\/tr>\n<tr>\n<td><i class=\"fa fa-check icon-tick icon-tick--on\"><\/i>Sistemazione in tende berbere.<\/td>\n<td><i class=\"fa fa-check icon-tick icon-tick--on\"><\/i>un&#8217;auto che funziona a benzina.<\/td>\n<\/tr>\n<\/tbody>\n<\/table>\n<\/td>\n<\/tr>\n<tr>\n<td><strong>NON INCLUSO<\/strong><\/td>\n<td>\n<table>\n<tbody>\n<tr>\n<td><i class=\"fa fa-times icon-tick icon-tick--off\"><\/i>Assicurazione di viaggio.<\/td>\n<\/tr>\n<tr>\n<td><i class=\"fa fa-times icon-tick icon-tick--off\"><\/i>Pranzi<\/td>\n<\/tr>\n<\/tbody>\n<\/table>\n<\/td>\n<\/tr>\n<\/tbody>\n<\/table>\n<p>&nbsp;<\/p>\n","protected":false},"excerpt":{"rendered":"<p>Panoramica del tour di 6 giorni in Marocco da Casablanca<br \/>\n5.0 \u2605\u2605\u2605\u2605\u2605 624 Recensioni<br \/>\nScopri la bellezza e la diversit\u00e0 del Marocco con questo tour di 6 giorni da Casablanca, <\/p>\n","protected":false},"featured_media":2237,"comment_status":"open","ping_status":"closed","template":"","meta":{"_joinchat":[]},"product_brand":[],"product_cat":[],"product_tag":[],"class_list":{"0":"post-2221","1":"product","2":"type-product","3":"status-publish","4":"has-post-thumbnail","6":"tour_phys-casablanca-tours","7":"pa_destination-casablanca","9":"first","10":"instock","11":"shipping-taxable","12":"product-type-tour_phys"},"yoast_head":"<!-- This site is optimized with the Yoast SEO plugin v27.3 - https:\/\/yoast.com\/product\/yoast-seo-wordpress\/ -->\n<title>Tour di 6 giorni in Marocco da Casablanca - Viaggi in Marocco<\/title>\n<meta name=\"description\" content=\"Scopri il Marocco con questo tour di 6 giorni da Casablanca. Visita Casablanca, Fes, il deserto del Sahara e Marrakech in un unico viaggio indimenticabile.\" \/>\n<meta name=\"robots\" content=\"index, follow, max-snippet:-1, max-image-preview:large, max-video-preview:-1\" \/>\n<link rel=\"canonical\" href=\"https:\/\/trips-around-morocco.com\/it\/tours\/tour-di-6-giorni-in-marocco-da-casablanca\/\" \/>\n<meta property=\"og:locale\" content=\"it_IT\" \/>\n<meta property=\"og:type\" content=\"article\" \/>\n<meta property=\"og:title\" content=\"Tour di 6 giorni in Marocco da Casablanca - Viaggi in Marocco\" \/>\n<meta property=\"og:description\" content=\"Scopri il Marocco con questo tour di 6 giorni da Casablanca. Visita Casablanca, Fes, il deserto del Sahara e Marrakech in un unico viaggio indimenticabile.\" \/>\n<meta property=\"og:url\" content=\"https:\/\/trips-around-morocco.com\/it\/tours\/tour-di-6-giorni-in-marocco-da-casablanca\" \/>\n<meta property=\"og:site_name\" content=\"Trips Around Morocco\" \/>\n<meta property=\"article:modified_time\" content=\"2025-12-05T14:57:54+00:00\" \/>\n<meta property=\"og:image\" content=\"https:\/\/trips-around-morocco.com\/wp-content\/uploads\/2025\/11\/Tour-di-6-giorni-in-Marocco-da-Casablanca-1.jpg\" \/>\n\t<meta property=\"og:image:width\" content=\"1280\" \/>\n\t<meta property=\"og:image:height\" content=\"792\" \/>\n\t<meta property=\"og:image:type\" content=\"image\/jpeg\" \/>\n<meta name=\"twitter:card\" content=\"summary_large_image\" \/>\n<meta name=\"twitter:label1\" content=\"Tempo di lettura stimato\" \/>\n\t<meta name=\"twitter:data1\" content=\"2 minuti\" \/>\n<!-- \/ Yoast SEO plugin. -->","yoast_head_json":{"title":"Tour di 6 giorni in Marocco da Casablanca - Viaggi in Marocco","description":"Scopri il Marocco con questo tour di 6 giorni da Casablanca. Visita Casablanca, Fes, il deserto del Sahara e Marrakech in un unico viaggio indimenticabile.","robots":{"index":"index","follow":"follow","max-snippet":"max-snippet:-1","max-image-preview":"max-image-preview:large","max-video-preview":"max-video-preview:-1"},"canonical":"https:\/\/trips-around-morocco.com\/it\/tours\/tour-di-6-giorni-in-marocco-da-casablanca\/","og_locale":"it_IT","og_type":"article","og_title":"Tour di 6 giorni in Marocco da Casablanca - Viaggi in Marocco","og_description":"Scopri il Marocco con questo tour di 6 giorni da Casablanca. Visita Casablanca, Fes, il deserto del Sahara e Marrakech in un unico viaggio indimenticabile.","og_url":"https:\/\/trips-around-morocco.com\/it\/tours\/tour-di-6-giorni-in-marocco-da-casablanca","og_site_name":"Trips Around Morocco","article_modified_time":"2025-12-05T14:57:54+00:00","og_image":[{"width":1280,"height":792,"url":"https:\/\/trips-around-morocco.com\/wp-content\/uploads\/2025\/11\/Tour-di-6-giorni-in-Marocco-da-Casablanca-1.jpg","type":"image\/jpeg"}],"twitter_card":"summary_large_image","twitter_misc":{"Tempo di lettura stimato":"2 minuti"},"schema":{"@context":"https:\/\/schema.org","@graph":[{"@type":"WebPage","@id":"https:\/\/trips-around-morocco.com\/it\/tours\/tour-di-6-giorni-in-marocco-da-casablanca","url":"https:\/\/trips-around-morocco.com\/it\/tours\/tour-di-6-giorni-in-marocco-da-casablanca","name":"Tour di 6 giorni in Marocco da Casablanca - Viaggi in Marocco","isPartOf":{"@id":"https:\/\/trips-around-morocco.com\/it\/#website"},"primaryImageOfPage":{"@id":"https:\/\/trips-around-morocco.com\/it\/tours\/tour-di-6-giorni-in-marocco-da-casablanca#primaryimage"},"image":{"@id":"https:\/\/trips-around-morocco.com\/it\/tours\/tour-di-6-giorni-in-marocco-da-casablanca#primaryimage"},"thumbnailUrl":"https:\/\/trips-around-morocco.com\/wp-content\/uploads\/2025\/11\/Tour-di-6-giorni-in-Marocco-da-Casablanca-1.jpg","datePublished":"2025-11-11T18:02:24+00:00","dateModified":"2025-12-05T14:57:54+00:00","description":"Scopri il Marocco con questo tour di 6 giorni da Casablanca. Visita Casablanca, Fes, il deserto del Sahara e Marrakech in un unico viaggio indimenticabile.","breadcrumb":{"@id":"https:\/\/trips-around-morocco.com\/it\/tours\/tour-di-6-giorni-in-marocco-da-casablanca#breadcrumb"},"inLanguage":"it-IT","potentialAction":[{"@type":"ReadAction","target":["https:\/\/trips-around-morocco.com\/it\/tours\/tour-di-6-giorni-in-marocco-da-casablanca"]}]},{"@type":"ImageObject","inLanguage":"it-IT","@id":"https:\/\/trips-around-morocco.com\/it\/tours\/tour-di-6-giorni-in-marocco-da-casablanca#primaryimage","url":"https:\/\/trips-around-morocco.com\/wp-content\/uploads\/2025\/11\/Tour-di-6-giorni-in-Marocco-da-Casablanca-1.jpg","contentUrl":"https:\/\/trips-around-morocco.com\/wp-content\/uploads\/2025\/11\/Tour-di-6-giorni-in-Marocco-da-Casablanca-1.jpg","width":1280,"height":792,"caption":"Moschea di Hassan II Casablanca Marocco"},{"@type":"BreadcrumbList","@id":"https:\/\/trips-around-morocco.com\/it\/tours\/tour-di-6-giorni-in-marocco-da-casablanca#breadcrumb","itemListElement":[{"@type":"ListItem","position":1,"name":"Home","item":"https:\/\/trips-around-morocco.com\/it\/"},{"@type":"ListItem","position":2,"name":"Prodotti","item":"https:\/\/trips-around-morocco.com\/it\/shop\/"},{"@type":"ListItem","position":3,"name":"Tour di 6 giorni in Marocco da Casablanca"}]},{"@type":"WebSite","@id":"https:\/\/trips-around-morocco.com\/it\/#website","url":"https:\/\/trips-around-morocco.com\/it\/","name":"Trips Around Morocco","description":"Travel Agency","potentialAction":[{"@type":"SearchAction","target":{"@type":"EntryPoint","urlTemplate":"https:\/\/trips-around-morocco.com\/it\/?s={search_term_string}"},"query-input":{"@type":"PropertyValueSpecification","valueRequired":true,"valueName":"search_term_string"}}],"inLanguage":"it-IT"}]}},"_links":{"self":[{"href":"https:\/\/trips-around-morocco.com\/it\/wp-json\/wp\/v2\/product\/2221","targetHints":{"allow":["GET"]}}],"collection":[{"href":"https:\/\/trips-around-morocco.com\/it\/wp-json\/wp\/v2\/product"}],"about":[{"href":"https:\/\/trips-around-morocco.com\/it\/wp-json\/wp\/v2\/types\/product"}],"replies":[{"embeddable":true,"href":"https:\/\/trips-around-morocco.com\/it\/wp-json\/wp\/v2\/comments?post=2221"}],"wp:featuredmedia":[{"embeddable":true,"href":"https:\/\/trips-around-morocco.com\/it\/wp-json\/wp\/v2\/media\/2237"}],"wp:attachment":[{"href":"https:\/\/trips-around-morocco.com\/it\/wp-json\/wp\/v2\/media?parent=2221"}],"wp:term":[{"taxonomy":"product_brand","embeddable":true,"href":"https:\/\/trips-around-morocco.com\/it\/wp-json\/wp\/v2\/product_brand?post=2221"},{"taxonomy":"product_cat","embeddable":true,"href":"https:\/\/trips-around-morocco.com\/it\/wp-json\/wp\/v2\/product_cat?post=2221"},{"taxonomy":"product_tag","embeddable":true,"href":"https:\/\/trips-around-morocco.com\/it\/wp-json\/wp\/v2\/product_tag?post=2221"}],"curies":[{"name":"wp","href":"https:\/\/api.w.org\/{rel}","templated":true}]}}