{"id":2288,"date":"2025-11-11T10:50:54","date_gmt":"2025-11-11T10:50:54","guid":{"rendered":"https:\/\/trips-around-morocco.com\/product\/4-days-tour-from-marrakech-to-fes\/"},"modified":"2025-12-06T17:38:49","modified_gmt":"2025-12-06T17:38:49","slug":"tour-di-4-giorni-da-marrakech-a-fes","status":"publish","type":"product","link":"https:\/\/trips-around-morocco.com\/it\/tours\/tour-di-4-giorni-da-marrakech-a-fes","title":{"rendered":"Tour di 4 giorni da Marrakech a Fes"},"content":{"rendered":"<p>Panoramica del tour di 4 giorni da Marrakech a Fes<\/p>\n<p>5.0 <span style=\"color: #ff8400; font-size: 18px;\">\u2605\u2605\u2605\u2605\u2605<\/span> 323 Recensioni<\/p>\n<p>Scopri la vera bellezza del Marocco con questo indimenticabile tour di 4 giorni da Marrakech. Viaggia attraverso le maestose montagne dell&#8217;Alto Atlante, esplora antiche kasbah, visita le spettacolari <a href=\"https:\/\/it.wikipedia.org\/wiki\/Gole_di_Todra\">Gole del Todra<\/a> e trascorri notti magiche nel deserto del Sahara di Merzouga.<\/p>\n<p>Questo tour \u00e8 il perfetto mix di avventura, cultura e bellezze naturali. Dall&#8217;atmosfera vibrante di Marrakech al fascino spirituale di Fes, scoprirai i paesaggi variegati e le ricche tradizioni del Marocco. Lungo il percorso, scoprirai villaggi berberi, valli lussureggianti e dune dorate che rendono questo viaggio uno degli itinerari pi\u00f9 panoramici del paese.<\/p>\n<h2>Perch\u00e9 scegliere il tour di 4 giorni da Marrakech a Fes<\/h2>\n<ol>\n<li>Paesaggi spettacolari: attraversa il passo del <a href=\"https:\/\/it.wikipedia.org\/wiki\/Tizi_n%27Tichka\">Tizi N&#8217;Tichka<\/a> e goditi viste panoramiche sulle montagne dell&#8217;Alto Atlante.<\/li>\n<li>Immersione culturale: visita i villaggi berberi, incontra la gente del posto ed esplora il lato autentico del Marocco.<\/li>\n<li>Luoghi storici: esplora la Kasbah di <a href=\"https:\/\/it.wikipedia.org\/wiki\/Ait-Ben-Haddou\">Ait Benhaddou<\/a>, patrimonio dell&#8217;UNESCO, e gli studi cinematografici di <a href=\"https:\/\/it.wikipedia.org\/wiki\/Ouarzazate\">Ouarzazate<\/a>. Avventura nel deserto: goditi un trekking in cammello tra le dune dell&#8217;Erg Chebbi e trascorri la notte sotto le stelle in un tradizionale accampamento nel Sahara.<\/li>\n<li>Comfort e qualit\u00e0: viaggia a bordo di un veicolo privato con aria condizionata e autisti professionisti e soggiorna in riad e accampamenti nel deserto accuratamente selezionati.<\/li>\n<\/ol>\n<h2>Punti salienti del tour<\/h2>\n<ul>\n<li>Attraversa le montagne dell&#8217;Alto Atlante attraverso il passo del Tizi N&#8217;Tichka<\/li>\n<li>Visita Ait Benhaddou, Ouarzazate e la valle del Dades<\/li>\n<li>Esplora le splendide Gole del Todra ed Erfoud<\/li>\n<li>Trekking in cammello e pernottamento in un accampamento nel deserto del Sahara<\/li>\n<li>Viaggio attraverso la valle dello Ziz e le montagne del Medio Atlante prima di raggiungere Fes<\/li>\n<\/ul>\n<p>Questo tour di 4 giorni da Marrakech a Fes offre un&#8217;incredibile opportunit\u00e0 per scoprire le regioni pi\u00f9 belle del Marocco in un unico viaggio. \u00c8 l&#8217;ideale per i viaggiatori che desiderano esplorare le meraviglie naturali del paese, scoprire la sua profonda cultura e vivere un&#8217;avventura nel deserto unica nella vita.<\/p>\n<table class=\"tours-tabs_table\">\n<tbody>\n<tr>\n<td><strong>LUOGO DI PARTENZA\/RITORNO<\/strong><\/td>\n<td>Da Marrakech a Fes<\/td>\n<\/tr>\n<tr>\n<td><strong>ORA DI PARTENZA<\/strong><\/td>\n<td>Dalle 7 alle 8<\/td>\n<\/tr>\n<tr>\n<td><strong>INCLUSO<\/strong><\/td>\n<td>\n<table>\n<tbody>\n<tr>\n<td><i class=\"fa fa-check icon-tick icon-tick--on\"><\/i>Arrivo e partenza dalla struttura ricettiva.<\/td>\n<td><i class=\"fa fa-check icon-tick icon-tick--on\"><\/i>Un cammello per ogni persona.<\/td>\n<\/tr>\n<tr>\n<td><i class=\"fa fa-check icon-tick icon-tick--on\"><\/i>Sistemazione in tende berbere.<\/td>\n<td><i class=\"fa fa-check icon-tick icon-tick--on\"><\/i>un&#8217;auto che funziona a benzina.<\/td>\n<\/tr>\n<\/tbody>\n<\/table>\n<\/td>\n<\/tr>\n<tr>\n<td><strong>NON INCLUSO<\/strong><\/td>\n<td>\n<table>\n<tbody>\n<tr>\n<td><i class=\"fa fa-times icon-tick icon-tick--off\"><\/i>Assicurazione di viaggio.<\/td>\n<\/tr>\n<tr>\n<td><i class=\"fa fa-times icon-tick icon-tick--off\"><\/i>Pranzi<\/td>\n<\/tr>\n<\/tbody>\n<\/table>\n<\/td>\n<\/tr>\n<\/tbody>\n<\/table>\n<p>&nbsp;<\/p>\n","protected":false},"excerpt":{"rendered":"<p>Panoramica del tour di 4 giorni da Marrakech a Fes<br \/>\n5.0 \u2605\u2605\u2605\u2605\u2605 323 Recensioni<br \/>\nScopri la vera bellezza del Marocco con questo indimenticabile tour di 4 giorni da Marrakech. Viaggia <\/p>\n","protected":false},"featured_media":2303,"comment_status":"open","ping_status":"closed","template":"","meta":{"_joinchat":[]},"product_brand":[],"product_cat":[],"product_tag":[],"class_list":{"0":"post-2288","1":"product","2":"type-product","3":"status-publish","4":"has-post-thumbnail","6":"tour_phys-tour-da-marrakech","7":"pa_destination-marrakech","9":"first","10":"instock","11":"shipping-taxable","12":"product-type-tour_phys"},"yoast_head":"<!-- This site is optimized with the Yoast SEO plugin v27.3 - https:\/\/yoast.com\/product\/yoast-seo-wordpress\/ -->\n<title>Tour di 4 giorni da Marrakech a Fes<\/title>\n<meta name=\"description\" content=\"Scopri il Marocco con un tour di 4 giorni da Marrakech a Fes. Attraversa la catena montuosa dell&#039;Atlante, visita Ait Benhaddou ed esplora le Gole del Todra.\" \/>\n<meta name=\"robots\" content=\"index, follow, max-snippet:-1, max-image-preview:large, max-video-preview:-1\" \/>\n<link rel=\"canonical\" href=\"https:\/\/trips-around-morocco.com\/it\/tours\/tour-di-4-giorni-da-marrakech-a-fes\/\" \/>\n<meta property=\"og:locale\" content=\"it_IT\" \/>\n<meta property=\"og:type\" content=\"article\" \/>\n<meta property=\"og:title\" content=\"Tour di 4 giorni da Marrakech a Fes\" \/>\n<meta property=\"og:description\" content=\"Scopri il Marocco con un tour di 4 giorni da Marrakech a Fes. Attraversa la catena montuosa dell&#039;Atlante, visita Ait Benhaddou ed esplora le Gole del Todra.\" \/>\n<meta property=\"og:url\" content=\"https:\/\/trips-around-morocco.com\/it\/tours\/tour-di-4-giorni-da-marrakech-a-fes\" \/>\n<meta property=\"og:site_name\" content=\"Trips Around Morocco\" \/>\n<meta property=\"article:modified_time\" content=\"2025-12-06T17:38:49+00:00\" \/>\n<meta property=\"og:image\" content=\"https:\/\/trips-around-morocco.com\/wp-content\/uploads\/2025\/11\/Tour-di-4-giorni-da-Marrakech-a-Fes-4.jpg\" \/>\n\t<meta property=\"og:image:width\" content=\"1280\" \/>\n\t<meta property=\"og:image:height\" content=\"853\" \/>\n\t<meta property=\"og:image:type\" content=\"image\/jpeg\" \/>\n<meta name=\"twitter:card\" content=\"summary_large_image\" \/>\n<meta name=\"twitter:label1\" content=\"Tempo di lettura stimato\" \/>\n\t<meta name=\"twitter:data1\" content=\"2 minuti\" \/>\n<!-- \/ Yoast SEO plugin. -->","yoast_head_json":{"title":"Tour di 4 giorni da Marrakech a Fes","description":"Scopri il Marocco con un tour di 4 giorni da Marrakech a Fes. Attraversa la catena montuosa dell'Atlante, visita Ait Benhaddou ed esplora le Gole del Todra.","robots":{"index":"index","follow":"follow","max-snippet":"max-snippet:-1","max-image-preview":"max-image-preview:large","max-video-preview":"max-video-preview:-1"},"canonical":"https:\/\/trips-around-morocco.com\/it\/tours\/tour-di-4-giorni-da-marrakech-a-fes\/","og_locale":"it_IT","og_type":"article","og_title":"Tour di 4 giorni da Marrakech a Fes","og_description":"Scopri il Marocco con un tour di 4 giorni da Marrakech a Fes. Attraversa la catena montuosa dell'Atlante, visita Ait Benhaddou ed esplora le Gole del Todra.","og_url":"https:\/\/trips-around-morocco.com\/it\/tours\/tour-di-4-giorni-da-marrakech-a-fes","og_site_name":"Trips Around Morocco","article_modified_time":"2025-12-06T17:38:49+00:00","og_image":[{"width":1280,"height":853,"url":"https:\/\/trips-around-morocco.com\/wp-content\/uploads\/2025\/11\/Tour-di-4-giorni-da-Marrakech-a-Fes-4.jpg","type":"image\/jpeg"}],"twitter_card":"summary_large_image","twitter_misc":{"Tempo di lettura stimato":"2 minuti"},"schema":{"@context":"https:\/\/schema.org","@graph":[{"@type":"WebPage","@id":"https:\/\/trips-around-morocco.com\/it\/tours\/tour-di-4-giorni-da-marrakech-a-fes","url":"https:\/\/trips-around-morocco.com\/it\/tours\/tour-di-4-giorni-da-marrakech-a-fes","name":"Tour di 4 giorni da Marrakech a Fes","isPartOf":{"@id":"https:\/\/trips-around-morocco.com\/it\/#website"},"primaryImageOfPage":{"@id":"https:\/\/trips-around-morocco.com\/it\/tours\/tour-di-4-giorni-da-marrakech-a-fes#primaryimage"},"image":{"@id":"https:\/\/trips-around-morocco.com\/it\/tours\/tour-di-4-giorni-da-marrakech-a-fes#primaryimage"},"thumbnailUrl":"https:\/\/trips-around-morocco.com\/wp-content\/uploads\/2025\/11\/Tour-di-4-giorni-da-Marrakech-a-Fes-4.jpg","datePublished":"2025-11-11T10:50:54+00:00","dateModified":"2025-12-06T17:38:49+00:00","description":"Scopri il Marocco con un tour di 4 giorni da Marrakech a Fes. Attraversa la catena montuosa dell'Atlante, visita Ait Benhaddou ed esplora le Gole del Todra.","breadcrumb":{"@id":"https:\/\/trips-around-morocco.com\/it\/tours\/tour-di-4-giorni-da-marrakech-a-fes#breadcrumb"},"inLanguage":"it-IT","potentialAction":[{"@type":"ReadAction","target":["https:\/\/trips-around-morocco.com\/it\/tours\/tour-di-4-giorni-da-marrakech-a-fes"]}]},{"@type":"ImageObject","inLanguage":"it-IT","@id":"https:\/\/trips-around-morocco.com\/it\/tours\/tour-di-4-giorni-da-marrakech-a-fes#primaryimage","url":"https:\/\/trips-around-morocco.com\/wp-content\/uploads\/2025\/11\/Tour-di-4-giorni-da-Marrakech-a-Fes-4.jpg","contentUrl":"https:\/\/trips-around-morocco.com\/wp-content\/uploads\/2025\/11\/Tour-di-4-giorni-da-Marrakech-a-Fes-4.jpg","width":1280,"height":853,"caption":"Tour di 4 giorni da Marrakech a Fes"},{"@type":"BreadcrumbList","@id":"https:\/\/trips-around-morocco.com\/it\/tours\/tour-di-4-giorni-da-marrakech-a-fes#breadcrumb","itemListElement":[{"@type":"ListItem","position":1,"name":"Home","item":"https:\/\/trips-around-morocco.com\/it\/"},{"@type":"ListItem","position":2,"name":"Prodotti","item":"https:\/\/trips-around-morocco.com\/it\/shop\/"},{"@type":"ListItem","position":3,"name":"Tour di 4 giorni da Marrakech a Fes"}]},{"@type":"WebSite","@id":"https:\/\/trips-around-morocco.com\/it\/#website","url":"https:\/\/trips-around-morocco.com\/it\/","name":"Trips Around Morocco","description":"Travel Agency","potentialAction":[{"@type":"SearchAction","target":{"@type":"EntryPoint","urlTemplate":"https:\/\/trips-around-morocco.com\/it\/?s={search_term_string}"},"query-input":{"@type":"PropertyValueSpecification","valueRequired":true,"valueName":"search_term_string"}}],"inLanguage":"it-IT"}]}},"_links":{"self":[{"href":"https:\/\/trips-around-morocco.com\/it\/wp-json\/wp\/v2\/product\/2288","targetHints":{"allow":["GET"]}}],"collection":[{"href":"https:\/\/trips-around-morocco.com\/it\/wp-json\/wp\/v2\/product"}],"about":[{"href":"https:\/\/trips-around-morocco.com\/it\/wp-json\/wp\/v2\/types\/product"}],"replies":[{"embeddable":true,"href":"https:\/\/trips-around-morocco.com\/it\/wp-json\/wp\/v2\/comments?post=2288"}],"wp:featuredmedia":[{"embeddable":true,"href":"https:\/\/trips-around-morocco.com\/it\/wp-json\/wp\/v2\/media\/2303"}],"wp:attachment":[{"href":"https:\/\/trips-around-morocco.com\/it\/wp-json\/wp\/v2\/media?parent=2288"}],"wp:term":[{"taxonomy":"product_brand","embeddable":true,"href":"https:\/\/trips-around-morocco.com\/it\/wp-json\/wp\/v2\/product_brand?post=2288"},{"taxonomy":"product_cat","embeddable":true,"href":"https:\/\/trips-around-morocco.com\/it\/wp-json\/wp\/v2\/product_cat?post=2288"},{"taxonomy":"product_tag","embeddable":true,"href":"https:\/\/trips-around-morocco.com\/it\/wp-json\/wp\/v2\/product_tag?post=2288"}],"curies":[{"name":"wp","href":"https:\/\/api.w.org\/{rel}","templated":true}]}}