{"id":2336,"date":"2025-11-10T16:57:33","date_gmt":"2025-11-10T16:57:33","guid":{"rendered":"https:\/\/trips-around-morocco.com\/product\/3-day-tour-from-marrakech-to-merzouga\/"},"modified":"2025-12-08T11:59:31","modified_gmt":"2025-12-08T11:59:31","slug":"tour-di-3-giorni-da-marrakech-a-merzouga","status":"publish","type":"product","link":"https:\/\/trips-around-morocco.com\/it\/tours\/tour-di-3-giorni-da-marrakech-a-merzouga","title":{"rendered":"Tour di 3 giorni da Marrakech a Merzouga"},"content":{"rendered":"<p>Panoramica del tour di 3 giorni da Marrakech a Merzouga<\/p>\n<p>5.0 <span style=\"color: #ff8400; font-size: 18px;\">\u2605\u2605\u2605\u2605\u2605<\/span> 236 Recensioni<\/p>\n<p>Scopri il cuore del Marocco con questo indimenticabile tour di 3 giorni da Marrakech. Viaggia dalla vivace citt\u00e0 di Marrakech attraverso le strade tortuose dell&#8217;Alto Atlante, esplora antiche kasbah e vivi la magia del deserto del Sahara.<\/p>\n<p>Questo viaggio offre un perfetto mix di avventura, cultura e paesaggi mozzafiato. Lungo il percorso, visita Ait Benhaddou, patrimonio mondiale dell&#8217;<a href=\"https:\/\/it.wikipedia.org\/wiki\/UNESCO\">UNESCO<\/a>, la citt\u00e0 cinematografica di Ouarzazate e le spettacolari <a href=\"https:\/\/it.wikipedia.org\/wiki\/Gole_di_Todra\">Gole del Todr<\/a>a, prima di arrivare alle dune dorate di <a href=\"https:\/\/it.wikipedia.org\/wiki\/Erg_Chebbi\">Erg Chebbi<\/a> a Merzouga. Concludi la giornata con un giro in cammello al tramonto e una notte sotto le stelle in un tradizionale accampamento nel deserto.<\/p>\n<h2>Perch\u00e9 scegliere il tour di 3 giorni da Marrakech a Merzouga<\/h2>\n<ul>\n<li><strong>Paesaggi meravigliosi:<\/strong> attraversa il passo del <a href=\"https:\/\/it.wikipedia.org\/wiki\/Tizi_n%27Tichka\">Tizi N&#8217;Tichka<\/a> e ammira le viste panoramiche sull&#8217;Atlante.<\/li>\n<li><strong>Incontri culturali:<\/strong> incontra le famiglie berbere locali e scopri la vita tradizionale marocchina.<\/li>\n<li><strong>Luoghi storici:<\/strong> visita la famosa Kasbah di <a href=\"https:\/\/it.wikipedia.org\/wiki\/Ait-Ben-Haddou\">Ait Benhaddou<\/a> ed esplora gli antichi studi cinematografici di Ouarzazate. Avventura nel deserto: goditi un&#8217;escursione in cammello tra le dune e una notte tranquilla nel deserto del Sahara.<\/li>\n<li><strong>Comfort e qualit\u00e0:<\/strong> veicoli moderni, autisti esperti e alloggi accuratamente selezionati per un&#8217;esperienza rilassante.<\/li>\n<\/ul>\n<h2>Punti salienti del tour<\/h2>\n<ol>\n<li>Viaggio panoramico attraverso le montagne dell&#8217;Alto Atlante<\/li>\n<li>Sosta ad Ait Benhaddou e Ouarzazate, conosciuta come la &#8220;Hollywood d&#8217;Africa&#8221;<\/li>\n<li>Visita alle Gole del Todra e scopri le spettacolari formazioni rocciose<\/li>\n<li>Passeggia in cammello tra le dune dell&#8217;Erg Chebbi al tramonto<\/li>\n<li>Pernottamento in un tradizionale accampamento berbero nel deserto con cena marocchina<\/li>\n<li>Assisti all&#8217;alba sul deserto del Sahara prima di tornare a Marrakech<\/li>\n<\/ol>\n<p>Questo tour di 3 giorni da Marrakech a Merzouga \u00e8 ideale per i viaggiatori che desiderano esplorare i paesaggi desertici pi\u00f9 belli del Marocco e scoprirne la ricca storia e le tradizioni in breve tempo. Ogni giorno porta con s\u00e9 scoperte, dai passi di montagna agli orizzonti desertici, creando ricordi che dureranno una vita.<\/p>\n<table class=\"tours-tabs_table\">\n<tbody>\n<tr>\n<td><strong>LUOGO DI PARTENZA\/RITORNO<\/strong><\/td>\n<td>Da Marrakech a Merzouga<\/td>\n<\/tr>\n<tr>\n<td><strong>ORA DI PARTENZA<\/strong><\/td>\n<td>Dalle 7 alle 8<\/td>\n<\/tr>\n<tr>\n<td><strong>INCLUSO<\/strong><\/td>\n<td>\n<table>\n<tbody>\n<tr>\n<td><i class=\"fa fa-check icon-tick icon-tick--on\"><\/i>Arrivo e partenza dalla struttura ricettiva.<\/td>\n<td><i class=\"fa fa-check icon-tick icon-tick--on\"><\/i>Un cammello per ogni persona.<\/td>\n<\/tr>\n<tr>\n<td><i class=\"fa fa-check icon-tick icon-tick--on\"><\/i>Sistemazione in tende berbere.<\/td>\n<td><i class=\"fa fa-check icon-tick icon-tick--on\"><\/i>un&#8217;auto che funziona a benzina.<\/td>\n<\/tr>\n<\/tbody>\n<\/table>\n<\/td>\n<\/tr>\n<tr>\n<td><strong>NON INCLUSO<\/strong><\/td>\n<td>\n<table>\n<tbody>\n<tr>\n<td><i class=\"fa fa-times icon-tick icon-tick--off\"><\/i>Assicurazione di viaggio.<\/td>\n<\/tr>\n<tr>\n<td><i class=\"fa fa-times icon-tick icon-tick--off\"><\/i>Pranzi<\/td>\n<\/tr>\n<\/tbody>\n<\/table>\n<\/td>\n<\/tr>\n<\/tbody>\n<\/table>\n<p>&nbsp;<\/p>\n","protected":false},"excerpt":{"rendered":"<p>Panoramica del tour di 3 giorni da Marrakech a Merzouga<br \/>\n5.0 \u2605\u2605\u2605\u2605\u2605 236 Recensioni<br \/>\nScopri il cuore del Marocco con questo indimenticabile tour di 3 giorni da Marrakech. Viaggia dalla <\/p>\n","protected":false},"featured_media":2340,"comment_status":"open","ping_status":"closed","template":"","meta":{"_joinchat":[]},"product_brand":[],"product_cat":[],"product_tag":[],"class_list":{"0":"post-2336","1":"product","2":"type-product","3":"status-publish","4":"has-post-thumbnail","6":"tour_phys-tour-da-marrakech","7":"pa_destination-marrakech","9":"first","10":"instock","11":"shipping-taxable","12":"product-type-tour_phys"},"yoast_head":"<!-- This site is optimized with the Yoast SEO plugin v27.3 - https:\/\/yoast.com\/product\/yoast-seo-wordpress\/ -->\n<title>Tour di 3 giorni da Marrakech a Merzouga<\/title>\n<meta name=\"description\" content=\"Scopri la bellezza del Marocco con un tour di 3 giorni da Marrakech a Merzouga. Attraversa la catena montuosa dell&#039;Atlante, visita Ouarzazate.\" \/>\n<meta name=\"robots\" content=\"index, follow, max-snippet:-1, max-image-preview:large, max-video-preview:-1\" \/>\n<link rel=\"canonical\" href=\"https:\/\/trips-around-morocco.com\/it\/tours\/tour-di-3-giorni-da-marrakech-a-merzouga\/\" \/>\n<meta property=\"og:locale\" content=\"it_IT\" \/>\n<meta property=\"og:type\" content=\"article\" \/>\n<meta property=\"og:title\" content=\"Tour di 3 giorni da Marrakech a Merzouga\" \/>\n<meta property=\"og:description\" content=\"Scopri la bellezza del Marocco con un tour di 3 giorni da Marrakech a Merzouga. Attraversa la catena montuosa dell&#039;Atlante, visita Ouarzazate.\" \/>\n<meta property=\"og:url\" content=\"https:\/\/trips-around-morocco.com\/it\/tours\/tour-di-3-giorni-da-marrakech-a-merzouga\" \/>\n<meta property=\"og:site_name\" content=\"Trips Around Morocco\" \/>\n<meta property=\"article:modified_time\" content=\"2025-12-08T11:59:31+00:00\" \/>\n<meta property=\"og:image\" content=\"https:\/\/trips-around-morocco.com\/wp-content\/uploads\/2025\/11\/Tour-di-3-giorni-da-Marrakech-a-Merzouga-5.jpg\" \/>\n\t<meta property=\"og:image:width\" content=\"1280\" \/>\n\t<meta property=\"og:image:height\" content=\"851\" \/>\n\t<meta property=\"og:image:type\" content=\"image\/jpeg\" \/>\n<meta name=\"twitter:card\" content=\"summary_large_image\" \/>\n<meta name=\"twitter:label1\" content=\"Tempo di lettura stimato\" \/>\n\t<meta name=\"twitter:data1\" content=\"2 minuti\" \/>\n<!-- \/ Yoast SEO plugin. -->","yoast_head_json":{"title":"Tour di 3 giorni da Marrakech a Merzouga","description":"Scopri la bellezza del Marocco con un tour di 3 giorni da Marrakech a Merzouga. Attraversa la catena montuosa dell'Atlante, visita Ouarzazate.","robots":{"index":"index","follow":"follow","max-snippet":"max-snippet:-1","max-image-preview":"max-image-preview:large","max-video-preview":"max-video-preview:-1"},"canonical":"https:\/\/trips-around-morocco.com\/it\/tours\/tour-di-3-giorni-da-marrakech-a-merzouga\/","og_locale":"it_IT","og_type":"article","og_title":"Tour di 3 giorni da Marrakech a Merzouga","og_description":"Scopri la bellezza del Marocco con un tour di 3 giorni da Marrakech a Merzouga. Attraversa la catena montuosa dell'Atlante, visita Ouarzazate.","og_url":"https:\/\/trips-around-morocco.com\/it\/tours\/tour-di-3-giorni-da-marrakech-a-merzouga","og_site_name":"Trips Around Morocco","article_modified_time":"2025-12-08T11:59:31+00:00","og_image":[{"width":1280,"height":851,"url":"https:\/\/trips-around-morocco.com\/wp-content\/uploads\/2025\/11\/Tour-di-3-giorni-da-Marrakech-a-Merzouga-5.jpg","type":"image\/jpeg"}],"twitter_card":"summary_large_image","twitter_misc":{"Tempo di lettura stimato":"2 minuti"},"schema":{"@context":"https:\/\/schema.org","@graph":[{"@type":"WebPage","@id":"https:\/\/trips-around-morocco.com\/it\/tours\/tour-di-3-giorni-da-marrakech-a-merzouga","url":"https:\/\/trips-around-morocco.com\/it\/tours\/tour-di-3-giorni-da-marrakech-a-merzouga","name":"Tour di 3 giorni da Marrakech a Merzouga","isPartOf":{"@id":"https:\/\/trips-around-morocco.com\/it\/#website"},"primaryImageOfPage":{"@id":"https:\/\/trips-around-morocco.com\/it\/tours\/tour-di-3-giorni-da-marrakech-a-merzouga#primaryimage"},"image":{"@id":"https:\/\/trips-around-morocco.com\/it\/tours\/tour-di-3-giorni-da-marrakech-a-merzouga#primaryimage"},"thumbnailUrl":"https:\/\/trips-around-morocco.com\/wp-content\/uploads\/2025\/11\/Tour-di-3-giorni-da-Marrakech-a-Merzouga-5.jpg","datePublished":"2025-11-10T16:57:33+00:00","dateModified":"2025-12-08T11:59:31+00:00","description":"Scopri la bellezza del Marocco con un tour di 3 giorni da Marrakech a Merzouga. Attraversa la catena montuosa dell'Atlante, visita Ouarzazate.","breadcrumb":{"@id":"https:\/\/trips-around-morocco.com\/it\/tours\/tour-di-3-giorni-da-marrakech-a-merzouga#breadcrumb"},"inLanguage":"it-IT","potentialAction":[{"@type":"ReadAction","target":["https:\/\/trips-around-morocco.com\/it\/tours\/tour-di-3-giorni-da-marrakech-a-merzouga"]}]},{"@type":"ImageObject","inLanguage":"it-IT","@id":"https:\/\/trips-around-morocco.com\/it\/tours\/tour-di-3-giorni-da-marrakech-a-merzouga#primaryimage","url":"https:\/\/trips-around-morocco.com\/wp-content\/uploads\/2025\/11\/Tour-di-3-giorni-da-Marrakech-a-Merzouga-5.jpg","contentUrl":"https:\/\/trips-around-morocco.com\/wp-content\/uploads\/2025\/11\/Tour-di-3-giorni-da-Marrakech-a-Merzouga-5.jpg","width":1280,"height":851,"caption":"Tour di 3 giorni da Marrakech a Merzouga"},{"@type":"BreadcrumbList","@id":"https:\/\/trips-around-morocco.com\/it\/tours\/tour-di-3-giorni-da-marrakech-a-merzouga#breadcrumb","itemListElement":[{"@type":"ListItem","position":1,"name":"Home","item":"https:\/\/trips-around-morocco.com\/it\/"},{"@type":"ListItem","position":2,"name":"Prodotti","item":"https:\/\/trips-around-morocco.com\/it\/shop\/"},{"@type":"ListItem","position":3,"name":"Tour di 3 giorni da Marrakech a Merzouga"}]},{"@type":"WebSite","@id":"https:\/\/trips-around-morocco.com\/it\/#website","url":"https:\/\/trips-around-morocco.com\/it\/","name":"Trips Around Morocco","description":"Travel Agency","potentialAction":[{"@type":"SearchAction","target":{"@type":"EntryPoint","urlTemplate":"https:\/\/trips-around-morocco.com\/it\/?s={search_term_string}"},"query-input":{"@type":"PropertyValueSpecification","valueRequired":true,"valueName":"search_term_string"}}],"inLanguage":"it-IT"}]}},"_links":{"self":[{"href":"https:\/\/trips-around-morocco.com\/it\/wp-json\/wp\/v2\/product\/2336","targetHints":{"allow":["GET"]}}],"collection":[{"href":"https:\/\/trips-around-morocco.com\/it\/wp-json\/wp\/v2\/product"}],"about":[{"href":"https:\/\/trips-around-morocco.com\/it\/wp-json\/wp\/v2\/types\/product"}],"replies":[{"embeddable":true,"href":"https:\/\/trips-around-morocco.com\/it\/wp-json\/wp\/v2\/comments?post=2336"}],"wp:featuredmedia":[{"embeddable":true,"href":"https:\/\/trips-around-morocco.com\/it\/wp-json\/wp\/v2\/media\/2340"}],"wp:attachment":[{"href":"https:\/\/trips-around-morocco.com\/it\/wp-json\/wp\/v2\/media?parent=2336"}],"wp:term":[{"taxonomy":"product_brand","embeddable":true,"href":"https:\/\/trips-around-morocco.com\/it\/wp-json\/wp\/v2\/product_brand?post=2336"},{"taxonomy":"product_cat","embeddable":true,"href":"https:\/\/trips-around-morocco.com\/it\/wp-json\/wp\/v2\/product_cat?post=2336"},{"taxonomy":"product_tag","embeddable":true,"href":"https:\/\/trips-around-morocco.com\/it\/wp-json\/wp\/v2\/product_tag?post=2336"}],"curies":[{"name":"wp","href":"https:\/\/api.w.org\/{rel}","templated":true}]}}