{"id":2402,"date":"2025-11-09T16:01:59","date_gmt":"2025-11-09T16:01:59","guid":{"rendered":"https:\/\/trips-around-morocco.com\/product\/2-days-tour-from-marrakech-to-merzouga\/"},"modified":"2025-12-09T11:56:34","modified_gmt":"2025-12-09T11:56:34","slug":"tour-di-2-giorni-da-marrakech-a-merzouga","status":"publish","type":"product","link":"https:\/\/trips-around-morocco.com\/it\/tours\/tour-di-2-giorni-da-marrakech-a-merzouga","title":{"rendered":"Tour di 2 giorni da Marrakech a Merzouga"},"content":{"rendered":"<p>Panoramica del tour di 2 giorni da Marrakech a Merzouga<\/p>\n<p>5.0 <span style=\"color: #ff8400; font-size: 18px;\">\u2605\u2605\u2605\u2605\u2605<\/span> 122 Recensioni<\/p>\n<p>Il tour di 2 giorni da Marrakech \u00e8 una delle esperienze desertiche pi\u00f9 suggestive del Marocco. Vi porter\u00e0 dal caos colorato di Marrakech alle calme e infinite dune del deserto del Sahara. Lungo il percorso, scoprirete paesaggi mozzafiato, antiche kasbah e la calorosa ospitalit\u00e0 berbera. Questo viaggio combina perfettamente avventura, cultura e bellezze naturali, rendendolo ideale per i viaggiatori in cerca di una vera esperienza marocchina.<\/p>\n<h2>Viaggio attraverso le montagne dell&#8217;Atlante<\/h2>\n<p>Il vostro tour di 2 giorni da Marrakech inizia con un viaggio attraverso le imponenti montagne dell&#8217;Alto Atlante. Attraversando il passo del Tizi n&#8217;Tichka, potrete godere di viste spettacolari sulle valli e sui villaggi berberi. Inoltre, farete una sosta alla famosa Kasbah di Ait Ben Haddou, patrimonio mondiale dell&#8217;UNESCO, nota per la sua tradizionale architettura in argilla.<\/p>\n<p>In seguito, la strada prosegue verso Ouarzazate, spesso chiamata la &#8220;Porta del deserto&#8221;. Attraverserete poi la valle del Dades e le <a href=\"https:\/\/it.wikipedia.org\/wiki\/Gole_di_Todra\">gole del Todra<\/a>, dove le scogliere rosse si ergono maestose sopra le oasi verdi. Ogni tappa svela un lato diverso dell&#8217;incredibile diversit\u00e0 del Marocco.<\/p>\n<h2>Alla scoperta del fascino di Merzouga<\/h2>\n<p>Una volta raggiunta <a href=\"https:\/\/it.wikipedia.org\/wiki\/Merzouga\">Merzouga<\/a>, inizia il momento clou del tour di 2 giorni da Marrakech. Cavalcherete un cammello attraverso le dune dorate dell&#8217;<a href=\"https:\/\/it.wikipedia.org\/wiki\/Erg_Chebbi\">Erg Chebbi<\/a> mentre il sole tramonta all&#8217;orizzonte. Pi\u00f9 tardi, potrete rilassarvi in \u200b\u200bun tradizionale accampamento berbero e gustare autentici piatti marocchini sotto le stelle. Inoltre, potrete godervi la musica dal vivo del deserto e momenti indimenticabili attorno al fuoco.<\/p>\n<h2>Tour di 2 giorni da Marrakech a Merzouga: Ritorno a Marrakech<\/h2>\n<p>Il viaggio di ritorno del tour di 2 giorni da Marrakech offre ancora pi\u00f9 opportunit\u00e0 per ammirare i paesaggi del Marocco. Sulla via del ritorno, potrete fermarvi in \u200b\u200bpiccole citt\u00e0, incontrare artigiani locali e scattare splendide fotografie. In definitiva, questa avventura nel Sahara offre molto pi\u00f9 di una semplice visita turistica: \u00e8 un viaggio nel cuore del Marocco, dove tradizione, cultura e natura si fondono in perfetta armonia.<\/p>\n<ul>\n<li><strong>Cerchi viaggi pi\u00f9 lunghi?<\/strong> Dai un&#8217;occhiata ai nostri viaggi pi\u00f9 lunghi\u00a0Tour del Marocco da Fes per altre avventure indimenticabili!<\/li>\n<\/ul>\n<table class=\"tours-tabs_table\">\n<tbody>\n<tr>\n<td><strong>LUOGO DI PARTENZA\/RITORNO<\/strong><\/td>\n<td>Da Marrakech a Merzouga<\/td>\n<\/tr>\n<tr>\n<td><strong>ORA DI PARTENZA<\/strong><\/td>\n<td>Dalle 6 alle 7 del mattino<\/td>\n<\/tr>\n<tr>\n<td><strong>INCLUSO<\/strong><\/td>\n<td>\n<table>\n<tbody>\n<tr>\n<td><i class=\"fa fa-check icon-tick icon-tick--on\"><\/i>Arrivo e partenza dalla struttura ricettiva.<\/td>\n<td><i class=\"fa fa-check icon-tick icon-tick--on\"><\/i>Un cammello per ogni persona.<\/td>\n<\/tr>\n<tr>\n<td><i class=\"fa fa-check icon-tick icon-tick--on\"><\/i>Sistemazione in tende berbere.<\/td>\n<td><i class=\"fa fa-check icon-tick icon-tick--on\"><\/i>un&#8217;auto che funziona a benzina.<\/td>\n<\/tr>\n<\/tbody>\n<\/table>\n<\/td>\n<\/tr>\n<tr>\n<td><strong>NON INCLUSO<\/strong><\/td>\n<td>\n<table>\n<tbody>\n<tr>\n<td><i class=\"fa fa-times icon-tick icon-tick--off\"><\/i>Assicurazione di viaggio.<\/td>\n<\/tr>\n<tr>\n<td><i class=\"fa fa-times icon-tick icon-tick--off\"><\/i>Pranzi<\/td>\n<\/tr>\n<\/tbody>\n<\/table>\n<\/td>\n<\/tr>\n<\/tbody>\n<\/table>\n<p>&nbsp;<\/p>\n","protected":false},"excerpt":{"rendered":"<p>Panoramica del tour di 2 giorni da Marrakech a Merzouga<br \/>\n5.0 \u2605\u2605\u2605\u2605\u2605 122 Recensioni<br \/>\nIl tour di 2 giorni da Marrakech \u00e8 una delle esperienze desertiche pi\u00f9 suggestive del Marocco. <\/p>\n","protected":false},"featured_media":2415,"comment_status":"open","ping_status":"closed","template":"","meta":{"_joinchat":[]},"product_brand":[],"product_cat":[],"product_tag":[],"class_list":{"0":"post-2402","1":"product","2":"type-product","3":"status-publish","4":"has-post-thumbnail","6":"tour_phys-marrakech-tours","7":"tour_phys-tour-da-marrakech","8":"pa_destination-marrakech","9":"pa_month-january","11":"first","12":"instock","13":"shipping-taxable","14":"product-type-tour_phys"},"yoast_head":"<!-- This site is optimized with the Yoast SEO plugin v27.4 - https:\/\/yoast.com\/product\/yoast-seo-wordpress\/ -->\n<title>Tour di 2 giorni da Marrakech a Merzouga<\/title>\n<meta name=\"description\" content=\"Vivi il miglior tour di 2 giorni da Marrakech a Merzouga. Attraversa la catena montuosa dell&#039;Atlante, e goditi un&#039;escursione in cammello nel Sahara.\" \/>\n<meta name=\"robots\" content=\"index, follow, max-snippet:-1, max-image-preview:large, max-video-preview:-1\" \/>\n<link rel=\"canonical\" href=\"https:\/\/trips-around-morocco.com\/it\/tours\/tour-di-2-giorni-da-marrakech-a-merzouga\/\" \/>\n<meta property=\"og:locale\" content=\"it_IT\" \/>\n<meta property=\"og:type\" content=\"article\" \/>\n<meta property=\"og:title\" content=\"Tour di 2 giorni da Marrakech a Merzouga\" \/>\n<meta property=\"og:description\" content=\"Vivi il miglior tour di 2 giorni da Marrakech a Merzouga. Attraversa la catena montuosa dell&#039;Atlante, e goditi un&#039;escursione in cammello nel Sahara.\" \/>\n<meta property=\"og:url\" content=\"https:\/\/trips-around-morocco.com\/it\/tours\/tour-di-2-giorni-da-marrakech-a-merzouga\" \/>\n<meta property=\"og:site_name\" content=\"Trips Around Morocco\" \/>\n<meta property=\"article:modified_time\" content=\"2025-12-09T11:56:34+00:00\" \/>\n<meta property=\"og:image\" content=\"https:\/\/trips-around-morocco.com\/wp-content\/uploads\/2025\/11\/Tour-di-2-giorni-da-Marrakech-a-Merzouga-3.jpg\" \/>\n\t<meta property=\"og:image:width\" content=\"1280\" \/>\n\t<meta property=\"og:image:height\" content=\"853\" \/>\n\t<meta property=\"og:image:type\" content=\"image\/jpeg\" \/>\n<meta name=\"twitter:card\" content=\"summary_large_image\" \/>\n<meta name=\"twitter:label1\" content=\"Tempo di lettura stimato\" \/>\n\t<meta name=\"twitter:data1\" content=\"2 minuti\" \/>\n<!-- \/ Yoast SEO plugin. -->","yoast_head_json":{"title":"Tour di 2 giorni da Marrakech a Merzouga","description":"Vivi il miglior tour di 2 giorni da Marrakech a Merzouga. Attraversa la catena montuosa dell'Atlante, e goditi un'escursione in cammello nel Sahara.","robots":{"index":"index","follow":"follow","max-snippet":"max-snippet:-1","max-image-preview":"max-image-preview:large","max-video-preview":"max-video-preview:-1"},"canonical":"https:\/\/trips-around-morocco.com\/it\/tours\/tour-di-2-giorni-da-marrakech-a-merzouga\/","og_locale":"it_IT","og_type":"article","og_title":"Tour di 2 giorni da Marrakech a Merzouga","og_description":"Vivi il miglior tour di 2 giorni da Marrakech a Merzouga. Attraversa la catena montuosa dell'Atlante, e goditi un'escursione in cammello nel Sahara.","og_url":"https:\/\/trips-around-morocco.com\/it\/tours\/tour-di-2-giorni-da-marrakech-a-merzouga","og_site_name":"Trips Around Morocco","article_modified_time":"2025-12-09T11:56:34+00:00","og_image":[{"width":1280,"height":853,"url":"https:\/\/trips-around-morocco.com\/wp-content\/uploads\/2025\/11\/Tour-di-2-giorni-da-Marrakech-a-Merzouga-3.jpg","type":"image\/jpeg"}],"twitter_card":"summary_large_image","twitter_misc":{"Tempo di lettura stimato":"2 minuti"},"schema":{"@context":"https:\/\/schema.org","@graph":[{"@type":"WebPage","@id":"https:\/\/trips-around-morocco.com\/it\/tours\/tour-di-2-giorni-da-marrakech-a-merzouga","url":"https:\/\/trips-around-morocco.com\/it\/tours\/tour-di-2-giorni-da-marrakech-a-merzouga","name":"Tour di 2 giorni da Marrakech a Merzouga","isPartOf":{"@id":"https:\/\/trips-around-morocco.com\/it\/#website"},"primaryImageOfPage":{"@id":"https:\/\/trips-around-morocco.com\/it\/tours\/tour-di-2-giorni-da-marrakech-a-merzouga#primaryimage"},"image":{"@id":"https:\/\/trips-around-morocco.com\/it\/tours\/tour-di-2-giorni-da-marrakech-a-merzouga#primaryimage"},"thumbnailUrl":"https:\/\/trips-around-morocco.com\/wp-content\/uploads\/2025\/11\/Tour-di-2-giorni-da-Marrakech-a-Merzouga-3.jpg","datePublished":"2025-11-09T16:01:59+00:00","dateModified":"2025-12-09T11:56:34+00:00","description":"Vivi il miglior tour di 2 giorni da Marrakech a Merzouga. Attraversa la catena montuosa dell'Atlante, e goditi un'escursione in cammello nel Sahara.","breadcrumb":{"@id":"https:\/\/trips-around-morocco.com\/it\/tours\/tour-di-2-giorni-da-marrakech-a-merzouga#breadcrumb"},"inLanguage":"it-IT","potentialAction":[{"@type":"ReadAction","target":["https:\/\/trips-around-morocco.com\/it\/tours\/tour-di-2-giorni-da-marrakech-a-merzouga"]}]},{"@type":"ImageObject","inLanguage":"it-IT","@id":"https:\/\/trips-around-morocco.com\/it\/tours\/tour-di-2-giorni-da-marrakech-a-merzouga#primaryimage","url":"https:\/\/trips-around-morocco.com\/wp-content\/uploads\/2025\/11\/Tour-di-2-giorni-da-Marrakech-a-Merzouga-3.jpg","contentUrl":"https:\/\/trips-around-morocco.com\/wp-content\/uploads\/2025\/11\/Tour-di-2-giorni-da-Marrakech-a-Merzouga-3.jpg","width":1280,"height":853,"caption":"Moschea della Koutoubia a Marrakech \u2013 Inizio del tour di 2 giorni nel deserto | Viaggi in Marocco"},{"@type":"BreadcrumbList","@id":"https:\/\/trips-around-morocco.com\/it\/tours\/tour-di-2-giorni-da-marrakech-a-merzouga#breadcrumb","itemListElement":[{"@type":"ListItem","position":1,"name":"Home","item":"https:\/\/trips-around-morocco.com\/it\/"},{"@type":"ListItem","position":2,"name":"Prodotti","item":"https:\/\/trips-around-morocco.com\/it\/shop\/"},{"@type":"ListItem","position":3,"name":"Tour di 2 giorni da Marrakech a Merzouga"}]},{"@type":"WebSite","@id":"https:\/\/trips-around-morocco.com\/it\/#website","url":"https:\/\/trips-around-morocco.com\/it\/","name":"Trips Around Morocco","description":"Travel Agency","potentialAction":[{"@type":"SearchAction","target":{"@type":"EntryPoint","urlTemplate":"https:\/\/trips-around-morocco.com\/it\/?s={search_term_string}"},"query-input":{"@type":"PropertyValueSpecification","valueRequired":true,"valueName":"search_term_string"}}],"inLanguage":"it-IT"}]}},"_links":{"self":[{"href":"https:\/\/trips-around-morocco.com\/it\/wp-json\/wp\/v2\/product\/2402","targetHints":{"allow":["GET"]}}],"collection":[{"href":"https:\/\/trips-around-morocco.com\/it\/wp-json\/wp\/v2\/product"}],"about":[{"href":"https:\/\/trips-around-morocco.com\/it\/wp-json\/wp\/v2\/types\/product"}],"replies":[{"embeddable":true,"href":"https:\/\/trips-around-morocco.com\/it\/wp-json\/wp\/v2\/comments?post=2402"}],"wp:featuredmedia":[{"embeddable":true,"href":"https:\/\/trips-around-morocco.com\/it\/wp-json\/wp\/v2\/media\/2415"}],"wp:attachment":[{"href":"https:\/\/trips-around-morocco.com\/it\/wp-json\/wp\/v2\/media?parent=2402"}],"wp:term":[{"taxonomy":"product_brand","embeddable":true,"href":"https:\/\/trips-around-morocco.com\/it\/wp-json\/wp\/v2\/product_brand?post=2402"},{"taxonomy":"product_cat","embeddable":true,"href":"https:\/\/trips-around-morocco.com\/it\/wp-json\/wp\/v2\/product_cat?post=2402"},{"taxonomy":"product_tag","embeddable":true,"href":"https:\/\/trips-around-morocco.com\/it\/wp-json\/wp\/v2\/product_tag?post=2402"}],"curies":[{"name":"wp","href":"https:\/\/api.w.org\/{rel}","templated":true}]}}