{"id":2466,"date":"2025-11-08T13:29:55","date_gmt":"2025-11-08T13:29:55","guid":{"rendered":"https:\/\/trips-around-morocco.com\/product\/4-days-tour-from-fes-to-merzouga\/"},"modified":"2025-12-10T10:27:12","modified_gmt":"2025-12-10T10:27:12","slug":"tour-di-4-giorni-da-fes-a-merzouga","status":"publish","type":"product","link":"https:\/\/trips-around-morocco.com\/it\/tours\/tour-di-4-giorni-da-fes-a-merzouga","title":{"rendered":"Tour di 4 giorni da Fes a Merzouga"},"content":{"rendered":"<p>Tour di 4 giorni da Fez a Merzouga: avventura nel deserto del Sahara<\/p>\n<p>5.0 <span style=\"color: #ff8400; font-size: 18px;\">\u2605\u2605\u2605\u2605\u2605<\/span> 513 Recensioni<\/p>\n<h2>Panoramica del tour di 4 giorni da Fes a Merzouga<\/h2>\n<p>Il tour di 4 giorni da Fes a Merzouga \u00e8 il modo perfetto per esplorare i paesaggi, la cultura e la storia pi\u00f9 iconici del Marocco in pochi giorni. Questo tour vi porter\u00e0 dalle strade trafficate e dall&#8217;antica medina di Fes attraverso le pittoresche montagne del Medio Atlante, i tradizionali villaggi berberi e lo spettacolare deserto del Sahara. I viaggiatori potranno godersi trekking in cammello, pernottamenti in lussuosi campi nel deserto e visite a famose gole, valli e siti Patrimonio dell&#8217;Umanit\u00e0 UNESCO. \u00c8 un&#8217;avventura ideale per chi desidera scoprire le bellezze naturali e la ricca cultura del Marocco.<\/p>\n<h2>Fes e le montagne del Medio Atlante nel tour di 4 giorni da Fes a Merzouga<\/h2>\n<p>Il viaggio inizia a Fes, una citt\u00e0 ricca di storia, cultura e vivaci suk. Lasciando la citt\u00e0, il percorso si inerpica verso le montagne del Medio Atlante, passando per citt\u00e0 come Ifrane e Azrou, dove i visitatori possono godere dell&#8217;aria fresca di montagna, ammirare viste panoramiche e persino avvistare le scimmie bertucce. Lungo il percorso, attraverserete villaggi berberi e vivrete un&#8217;esperienza di vita tradizionale marocchina. Proseguendo verso sud, il percorso vi condurr\u00e0 attraverso Midelt e la lussureggiante Valle del Ziz, nota per i suoi palmeti, le kasbah e i paesaggi mozzafiato.<\/p>\n<h2>Esperienza nel deserto del Sahara a Merzouga<\/h2>\n<p>Il momento clou del tour di 4 giorni da Fes a Merzouga \u00e8 il deserto del Sahara. I viaggiatori potranno cavalcare i cammelli attraverso le dune dorate dell&#8217;<a href=\"https:\/\/it.wikipedia.org\/wiki\/Erg_Chebbi\">Erg Chebbi<\/a>, ammirare lo spettacolare tramonto e godersi una notte sotto le stelle in un lussuoso accampamento nel deserto. Gli ospiti potranno ascoltare musica berbera, gustare piatti tradizionali marocchini e immergersi completamente nella pace del deserto. L&#8217;alba sulle dune offre indimenticabili opportunit\u00e0 fotografiche e un&#8217;esperienza irripetibile.<\/p>\n<h2>Gole del Todra, Valle del Dad\u00e8s e ritorno a Fes<\/h2>\n<p>Sulla via del ritorno, il tour visiter\u00e0 le spettacolari <a href=\"https:\/\/it.wikipedia.org\/wiki\/Gole_di_Todra\">Gole del Todra<\/a>, uno stretto canyon con imponenti scogliere. Successivamente, esplorerete la<a href=\"https:\/\/it.wikipedia.org\/wiki\/Gole_di_Dades\"> Valle del Dad\u00e8s<\/a>, conosciuta come la &#8220;Valle delle Mille Kasbah&#8221;, ricca di forti e villaggi tradizionali marocchini. Questo itinerario offre paesaggi incredibili, strade tortuose e monumenti storici. I viaggiatori torneranno a Fes dopo quattro giorni ricchi di avventure, approfondimenti culturali e l&#8217;indimenticabile bellezza del deserto del Sahara.<\/p>\n<table class=\"tours-tabs_table\">\n<tbody>\n<tr>\n<td><strong>LUOGO DI PARTENZA\/RITORNO<\/strong><\/td>\n<td>Da Fes a Merzouga<\/td>\n<\/tr>\n<tr>\n<td><strong>ORA DI PARTENZA<\/strong><\/td>\n<td>Dalle 8 alle 9<\/td>\n<\/tr>\n<tr>\n<td><strong>INCLUSO<\/strong><\/td>\n<td>\n<table>\n<tbody>\n<tr>\n<td><i class=\"fa fa-check icon-tick icon-tick--on\"><\/i>Arrivo e partenza dalla struttura ricettiva.<\/td>\n<td><i class=\"fa fa-check icon-tick icon-tick--on\"><\/i>Un cammello per ogni persona.<\/td>\n<\/tr>\n<tr>\n<td><i class=\"fa fa-check icon-tick icon-tick--on\"><\/i>Sistemazione in tende berbere.<\/td>\n<td><i class=\"fa fa-check icon-tick icon-tick--on\"><\/i>un&#8217;auto che funziona a benzina.<\/td>\n<\/tr>\n<\/tbody>\n<\/table>\n<\/td>\n<\/tr>\n<tr>\n<td><strong>NON INCLUSO<\/strong><\/td>\n<td>\n<table>\n<tbody>\n<tr>\n<td><i class=\"fa fa-times icon-tick icon-tick--off\"><\/i>Assicurazione di viaggio.<\/td>\n<\/tr>\n<tr>\n<td><i class=\"fa fa-times icon-tick icon-tick--off\"><\/i>Pranzi<\/td>\n<\/tr>\n<\/tbody>\n<\/table>\n<\/td>\n<\/tr>\n<\/tbody>\n<\/table>\n<p>&nbsp;<\/p>\n","protected":false},"excerpt":{"rendered":"<p>Tour di 4 giorni da Fez a Merzouga: avventura nel deserto del Sahara<br \/>\n5.0 \u2605\u2605\u2605\u2605\u2605 513 Recensioni<br \/>\nPanoramica del tour di 4 giorni da Fes a Merzouga<br \/>\nIl tour di <\/p>\n","protected":false},"featured_media":2470,"comment_status":"open","ping_status":"closed","template":"","meta":{"_joinchat":[]},"product_brand":[],"product_cat":[],"product_tag":[],"class_list":{"0":"post-2466","1":"product","2":"type-product","3":"status-publish","4":"has-post-thumbnail","6":"tour_phys-tour-da-fes","7":"pa_destination-fes","9":"first","10":"instock","11":"shipping-taxable","12":"product-type-tour_phys"},"yoast_head":"<!-- This site is optimized with the Yoast SEO plugin v27.3 - https:\/\/yoast.com\/product\/yoast-seo-wordpress\/ -->\n<title>Tour di 4 giorni da Fes a Merzouga<\/title>\n<meta name=\"description\" content=\"Scopri il tour di 4 giorni da Fes a Merzouga. Esplora Fes, le montagne del Medio Atlante, il trekking in cammello nel deserto del Sahara.\" \/>\n<meta name=\"robots\" content=\"index, follow, max-snippet:-1, max-image-preview:large, max-video-preview:-1\" \/>\n<link rel=\"canonical\" href=\"https:\/\/trips-around-morocco.com\/it\/tours\/tour-di-4-giorni-da-fes-a-merzouga\/\" \/>\n<meta property=\"og:locale\" content=\"it_IT\" \/>\n<meta property=\"og:type\" content=\"article\" \/>\n<meta property=\"og:title\" content=\"Tour di 4 giorni da Fes a Merzouga\" \/>\n<meta property=\"og:description\" content=\"Scopri il tour di 4 giorni da Fes a Merzouga. Esplora Fes, le montagne del Medio Atlante, il trekking in cammello nel deserto del Sahara.\" \/>\n<meta property=\"og:url\" content=\"https:\/\/trips-around-morocco.com\/it\/tours\/tour-di-4-giorni-da-fes-a-merzouga\" \/>\n<meta property=\"og:site_name\" content=\"Trips Around Morocco\" \/>\n<meta property=\"article:modified_time\" content=\"2025-12-10T10:27:12+00:00\" \/>\n<meta property=\"og:image\" content=\"https:\/\/trips-around-morocco.com\/wp-content\/uploads\/2025\/11\/Tour-di-4-giorni-da-Fes-a-Merzouga-2.jpg\" \/>\n\t<meta property=\"og:image:width\" content=\"1280\" \/>\n\t<meta property=\"og:image:height\" content=\"851\" \/>\n\t<meta property=\"og:image:type\" content=\"image\/jpeg\" \/>\n<meta name=\"twitter:card\" content=\"summary_large_image\" \/>\n<meta name=\"twitter:label1\" content=\"Tempo di lettura stimato\" \/>\n\t<meta name=\"twitter:data1\" content=\"3 minuti\" \/>\n<!-- \/ Yoast SEO plugin. -->","yoast_head_json":{"title":"Tour di 4 giorni da Fes a Merzouga","description":"Scopri il tour di 4 giorni da Fes a Merzouga. Esplora Fes, le montagne del Medio Atlante, il trekking in cammello nel deserto del Sahara.","robots":{"index":"index","follow":"follow","max-snippet":"max-snippet:-1","max-image-preview":"max-image-preview:large","max-video-preview":"max-video-preview:-1"},"canonical":"https:\/\/trips-around-morocco.com\/it\/tours\/tour-di-4-giorni-da-fes-a-merzouga\/","og_locale":"it_IT","og_type":"article","og_title":"Tour di 4 giorni da Fes a Merzouga","og_description":"Scopri il tour di 4 giorni da Fes a Merzouga. Esplora Fes, le montagne del Medio Atlante, il trekking in cammello nel deserto del Sahara.","og_url":"https:\/\/trips-around-morocco.com\/it\/tours\/tour-di-4-giorni-da-fes-a-merzouga","og_site_name":"Trips Around Morocco","article_modified_time":"2025-12-10T10:27:12+00:00","og_image":[{"width":1280,"height":851,"url":"https:\/\/trips-around-morocco.com\/wp-content\/uploads\/2025\/11\/Tour-di-4-giorni-da-Fes-a-Merzouga-2.jpg","type":"image\/jpeg"}],"twitter_card":"summary_large_image","twitter_misc":{"Tempo di lettura stimato":"3 minuti"},"schema":{"@context":"https:\/\/schema.org","@graph":[{"@type":"WebPage","@id":"https:\/\/trips-around-morocco.com\/it\/tours\/tour-di-4-giorni-da-fes-a-merzouga","url":"https:\/\/trips-around-morocco.com\/it\/tours\/tour-di-4-giorni-da-fes-a-merzouga","name":"Tour di 4 giorni da Fes a Merzouga","isPartOf":{"@id":"https:\/\/trips-around-morocco.com\/it\/#website"},"primaryImageOfPage":{"@id":"https:\/\/trips-around-morocco.com\/it\/tours\/tour-di-4-giorni-da-fes-a-merzouga#primaryimage"},"image":{"@id":"https:\/\/trips-around-morocco.com\/it\/tours\/tour-di-4-giorni-da-fes-a-merzouga#primaryimage"},"thumbnailUrl":"https:\/\/trips-around-morocco.com\/wp-content\/uploads\/2025\/11\/Tour-di-4-giorni-da-Fes-a-Merzouga-2.jpg","datePublished":"2025-11-08T13:29:55+00:00","dateModified":"2025-12-10T10:27:12+00:00","description":"Scopri il tour di 4 giorni da Fes a Merzouga. Esplora Fes, le montagne del Medio Atlante, il trekking in cammello nel deserto del Sahara.","breadcrumb":{"@id":"https:\/\/trips-around-morocco.com\/it\/tours\/tour-di-4-giorni-da-fes-a-merzouga#breadcrumb"},"inLanguage":"it-IT","potentialAction":[{"@type":"ReadAction","target":["https:\/\/trips-around-morocco.com\/it\/tours\/tour-di-4-giorni-da-fes-a-merzouga"]}]},{"@type":"ImageObject","inLanguage":"it-IT","@id":"https:\/\/trips-around-morocco.com\/it\/tours\/tour-di-4-giorni-da-fes-a-merzouga#primaryimage","url":"https:\/\/trips-around-morocco.com\/wp-content\/uploads\/2025\/11\/Tour-di-4-giorni-da-Fes-a-Merzouga-2.jpg","contentUrl":"https:\/\/trips-around-morocco.com\/wp-content\/uploads\/2025\/11\/Tour-di-4-giorni-da-Fes-a-Merzouga-2.jpg","width":1280,"height":851,"caption":"Tour di 4 giorni da Fes a Merzouga \u2013 Esperienza nel deserto del Sahara | Viaggi in Marocco"},{"@type":"BreadcrumbList","@id":"https:\/\/trips-around-morocco.com\/it\/tours\/tour-di-4-giorni-da-fes-a-merzouga#breadcrumb","itemListElement":[{"@type":"ListItem","position":1,"name":"Home","item":"https:\/\/trips-around-morocco.com\/it\/"},{"@type":"ListItem","position":2,"name":"Prodotti","item":"https:\/\/trips-around-morocco.com\/it\/shop\/"},{"@type":"ListItem","position":3,"name":"Tour di 4 giorni da Fes a Merzouga"}]},{"@type":"WebSite","@id":"https:\/\/trips-around-morocco.com\/it\/#website","url":"https:\/\/trips-around-morocco.com\/it\/","name":"Trips Around Morocco","description":"Travel Agency","potentialAction":[{"@type":"SearchAction","target":{"@type":"EntryPoint","urlTemplate":"https:\/\/trips-around-morocco.com\/it\/?s={search_term_string}"},"query-input":{"@type":"PropertyValueSpecification","valueRequired":true,"valueName":"search_term_string"}}],"inLanguage":"it-IT"}]}},"_links":{"self":[{"href":"https:\/\/trips-around-morocco.com\/it\/wp-json\/wp\/v2\/product\/2466","targetHints":{"allow":["GET"]}}],"collection":[{"href":"https:\/\/trips-around-morocco.com\/it\/wp-json\/wp\/v2\/product"}],"about":[{"href":"https:\/\/trips-around-morocco.com\/it\/wp-json\/wp\/v2\/types\/product"}],"replies":[{"embeddable":true,"href":"https:\/\/trips-around-morocco.com\/it\/wp-json\/wp\/v2\/comments?post=2466"}],"wp:featuredmedia":[{"embeddable":true,"href":"https:\/\/trips-around-morocco.com\/it\/wp-json\/wp\/v2\/media\/2470"}],"wp:attachment":[{"href":"https:\/\/trips-around-morocco.com\/it\/wp-json\/wp\/v2\/media?parent=2466"}],"wp:term":[{"taxonomy":"product_brand","embeddable":true,"href":"https:\/\/trips-around-morocco.com\/it\/wp-json\/wp\/v2\/product_brand?post=2466"},{"taxonomy":"product_cat","embeddable":true,"href":"https:\/\/trips-around-morocco.com\/it\/wp-json\/wp\/v2\/product_cat?post=2466"},{"taxonomy":"product_tag","embeddable":true,"href":"https:\/\/trips-around-morocco.com\/it\/wp-json\/wp\/v2\/product_tag?post=2466"}],"curies":[{"name":"wp","href":"https:\/\/api.w.org\/{rel}","templated":true}]}}