{"id":2510,"date":"2025-11-07T12:09:58","date_gmt":"2025-11-07T12:09:58","guid":{"rendered":"https:\/\/trips-around-morocco.com\/product\/3-days-tour-from-fes-to-marrakech\/"},"modified":"2025-12-10T13:04:11","modified_gmt":"2025-12-10T13:04:11","slug":"tour-di-3-giorni-da-fes-a-marrakech","status":"publish","type":"product","link":"https:\/\/trips-around-morocco.com\/it\/tours\/tour-di-3-giorni-da-fes-a-marrakech","title":{"rendered":"Tour di 3 giorni da Fes a Marrakech"},"content":{"rendered":"<p>Panoramica del tour di 3 giorni nel deserto da Fes a Marrakech<\/p>\n<p>5.0 <span style=\"color: #ff8400; font-size: 18px;\">\u2605\u2605\u2605\u2605\u2605<\/span> 501 Recensioni<\/p>\n<p>Il viaggio, un tour di 3 giorni nel deserto da Fes a Marrakech, offre la possibilit\u00e0 di attraversare Fes e raggiungere la splendida citt\u00e0 di Marrakech, mostrando la straordinaria diversit\u00e0 del paese in un&#8217;avventura breve ma emozionante.<\/p>\n<ul>\n<li><strong>Montagna Gigante<\/strong>: Preparatevi a rimanere incantati dalla catena montuosa dell&#8217;Atlante! Attraverseremo le loro ripide creste e vedremo villaggi berberi arroccati sul ciglio dei pendii. Tenete d&#8217;occhio le bertucce che vagano tra le <a href=\"https:\/\/it.wikipedia.org\/wiki\/Azrou\">foreste di cedri<\/a>!<\/li>\n<li><strong>Un rifugio in un&#8217;oasi<\/strong>: Scoprite un santuario segreto di valli sempreverdi immerse nel deserto! Visiteremo oasi nascoste con palme da dattero e i tradizionali ksar in mattoni di fango che custodiscono fattorie produttive.<\/li>\n<li><strong>Un&#8217;esperienza indimenticabile nel deserto da sogno<\/strong>! Faremo un giro in cammello attraverso le magnifiche dune del deserto del Sahara. Mentre osserveremo il sole scomparire oltre l&#8217;orizzonte, creando lunghe ombre, preparatevi per una notte magica sotto milioni di stelle scintillanti in un confortevole accampamento nel profondo del Sahara.<\/li>\n<\/ul>\n<h2>Tour di 3 giorni nel deserto da Fes a Marrakech: immersione nella cultura, paesaggi incantevoli e kasbah<\/h2>\n<ul>\n<li><strong>Kasbah Kings<\/strong>: Preparatevi a rimanere incantati dalle imponenti kasbah in mattoni di fango, un tempo fortificazioni a protezione delle comunit\u00e0 berbere e delle antiche rotte commerciali.<\/li>\n<li><strong>Pensate a tutte le storie<\/strong> che queste mura raccontano sui nomadi e le carovane che attraversavano il deserto.<\/li>\n<li><strong>Pronti per la macchina fotografica<\/strong>: i paesaggi di questo viaggio sono mozzafiato! A volte sarete circondati da valli verdeggianti, altre volte da imponenti montagne. Preparate la macchina fotografica per catturare ogni momento incredibile.<\/li>\n<li><strong>Rilassatevi e scoprite<\/strong>: questo viaggio dal ritmo serrato non \u00e8 frettoloso, quindi non preoccupatevi. Useremo il nostro senso del tatto per catturare l&#8217;attenzione di tutti, ammirando di tanto in tanto scorci di paesaggi mozzafiato e scoprendo la cultura marocchina. Questa vacanza lascer\u00e0 senza dubbio un ricordo indelebile, che stiate negoziando alla ricerca di tesori in un vivace mercato o gustando una deliziosa cena berbera all&#8217;aperto sotto le stelle!<\/li>\n<\/ul>\n<table class=\"tours-tabs_table\">\n<tbody>\n<tr>\n<td><strong>LUOGO DI PARTENZA\/RITORNO<\/strong><\/td>\n<td>Da Fes a Marrakech<\/td>\n<\/tr>\n<tr>\n<td><strong>ORA DI PARTENZA<\/strong><\/td>\n<td>Dalle 8:00 alle 8:30<\/td>\n<\/tr>\n<tr>\n<td><strong>INCLUSO<\/strong><\/td>\n<td>\n<table>\n<tbody>\n<tr>\n<td><i class=\"fa fa-check icon-tick icon-tick--on\"><\/i>Arrivo e partenza dalla struttura ricettiva.<\/td>\n<td><i class=\"fa fa-check icon-tick icon-tick--on\"><\/i>Un cammello per ogni persona.<\/td>\n<\/tr>\n<tr>\n<td><i class=\"fa fa-check icon-tick icon-tick--on\"><\/i>Sistemazione in tende berbere.<\/td>\n<td><i class=\"fa fa-check icon-tick icon-tick--on\"><\/i>un&#8217;auto che funziona a benzina.<\/td>\n<\/tr>\n<\/tbody>\n<\/table>\n<\/td>\n<\/tr>\n<tr>\n<td><strong>NON INCLUSO<\/strong><\/td>\n<td>\n<table>\n<tbody>\n<tr>\n<td><i class=\"fa fa-times icon-tick icon-tick--off\"><\/i>Assicurazione di viaggio.<\/td>\n<\/tr>\n<tr>\n<td><i class=\"fa fa-times icon-tick icon-tick--off\"><\/i>Pranzi<\/td>\n<\/tr>\n<\/tbody>\n<\/table>\n<\/td>\n<\/tr>\n<\/tbody>\n<\/table>\n<p>&nbsp;<\/p>\n","protected":false},"excerpt":{"rendered":"<p>Panoramica del tour di 3 giorni nel deserto da Fes a Marrakech<br \/>\n5.0 \u2605\u2605\u2605\u2605\u2605 501 Recensioni<br \/>\nIl viaggio, un tour di 3 giorni nel deserto da Fes a Marrakech, offre <\/p>\n","protected":false},"featured_media":2524,"comment_status":"open","ping_status":"closed","template":"","meta":{"_joinchat":[]},"product_brand":[],"product_cat":[],"product_tag":[],"class_list":{"0":"post-2510","1":"product","2":"type-product","3":"status-publish","4":"has-post-thumbnail","6":"tour_phys-fes-tours","7":"tour_phys-tour-da-fes","8":"pa_destination-fes","9":"pa_month-january","11":"first","12":"instock","13":"shipping-taxable","14":"product-type-tour_phys"},"yoast_head":"<!-- This site is optimized with the Yoast SEO plugin v27.3 - https:\/\/yoast.com\/product\/yoast-seo-wordpress\/ -->\n<title>Tour di 3 giorni da Fes a Marrakech<\/title>\n<meta name=\"description\" content=\"Imposta una data di inizio per il tuo tour di 3 giorni nel deserto da Fes a Marrakech per esplorare rapidamente il deserto del Sahara, inclusi Merzouga.\" \/>\n<meta name=\"robots\" content=\"index, follow, max-snippet:-1, max-image-preview:large, max-video-preview:-1\" \/>\n<link rel=\"canonical\" href=\"https:\/\/trips-around-morocco.com\/it\/tours\/tour-di-3-giorni-da-fes-a-marrakech\/\" \/>\n<meta property=\"og:locale\" content=\"it_IT\" \/>\n<meta property=\"og:type\" content=\"article\" \/>\n<meta property=\"og:title\" content=\"Tour di 3 giorni da Fes a Marrakech\" \/>\n<meta property=\"og:description\" content=\"Imposta una data di inizio per il tuo tour di 3 giorni nel deserto da Fes a Marrakech per esplorare rapidamente il deserto del Sahara, inclusi Merzouga.\" \/>\n<meta property=\"og:url\" content=\"https:\/\/trips-around-morocco.com\/it\/tours\/tour-di-3-giorni-da-fes-a-marrakech\" \/>\n<meta property=\"og:site_name\" content=\"Trips Around Morocco\" \/>\n<meta property=\"article:modified_time\" content=\"2025-12-10T13:04:11+00:00\" \/>\n<meta property=\"og:image\" content=\"https:\/\/trips-around-morocco.com\/wp-content\/uploads\/2025\/11\/3-day-Desert-tour-from-Fes-to-Marrakech3-1.jpg\" \/>\n\t<meta property=\"og:image:width\" content=\"1280\" \/>\n\t<meta property=\"og:image:height\" content=\"853\" \/>\n\t<meta property=\"og:image:type\" content=\"image\/jpeg\" \/>\n<meta name=\"twitter:card\" content=\"summary_large_image\" \/>\n<meta name=\"twitter:label1\" content=\"Tempo di lettura stimato\" \/>\n\t<meta name=\"twitter:data1\" content=\"2 minuti\" \/>\n<!-- \/ Yoast SEO plugin. -->","yoast_head_json":{"title":"Tour di 3 giorni da Fes a Marrakech","description":"Imposta una data di inizio per il tuo tour di 3 giorni nel deserto da Fes a Marrakech per esplorare rapidamente il deserto del Sahara, inclusi Merzouga.","robots":{"index":"index","follow":"follow","max-snippet":"max-snippet:-1","max-image-preview":"max-image-preview:large","max-video-preview":"max-video-preview:-1"},"canonical":"https:\/\/trips-around-morocco.com\/it\/tours\/tour-di-3-giorni-da-fes-a-marrakech\/","og_locale":"it_IT","og_type":"article","og_title":"Tour di 3 giorni da Fes a Marrakech","og_description":"Imposta una data di inizio per il tuo tour di 3 giorni nel deserto da Fes a Marrakech per esplorare rapidamente il deserto del Sahara, inclusi Merzouga.","og_url":"https:\/\/trips-around-morocco.com\/it\/tours\/tour-di-3-giorni-da-fes-a-marrakech","og_site_name":"Trips Around Morocco","article_modified_time":"2025-12-10T13:04:11+00:00","og_image":[{"width":1280,"height":853,"url":"https:\/\/trips-around-morocco.com\/wp-content\/uploads\/2025\/11\/3-day-Desert-tour-from-Fes-to-Marrakech3-1.jpg","type":"image\/jpeg"}],"twitter_card":"summary_large_image","twitter_misc":{"Tempo di lettura stimato":"2 minuti"},"schema":{"@context":"https:\/\/schema.org","@graph":[{"@type":"WebPage","@id":"https:\/\/trips-around-morocco.com\/it\/tours\/tour-di-3-giorni-da-fes-a-marrakech","url":"https:\/\/trips-around-morocco.com\/it\/tours\/tour-di-3-giorni-da-fes-a-marrakech","name":"Tour di 3 giorni da Fes a Marrakech","isPartOf":{"@id":"https:\/\/trips-around-morocco.com\/it\/#website"},"primaryImageOfPage":{"@id":"https:\/\/trips-around-morocco.com\/it\/tours\/tour-di-3-giorni-da-fes-a-marrakech#primaryimage"},"image":{"@id":"https:\/\/trips-around-morocco.com\/it\/tours\/tour-di-3-giorni-da-fes-a-marrakech#primaryimage"},"thumbnailUrl":"https:\/\/trips-around-morocco.com\/wp-content\/uploads\/2025\/11\/3-day-Desert-tour-from-Fes-to-Marrakech3-1.jpg","datePublished":"2025-11-07T12:09:58+00:00","dateModified":"2025-12-10T13:04:11+00:00","description":"Imposta una data di inizio per il tuo tour di 3 giorni nel deserto da Fes a Marrakech per esplorare rapidamente il deserto del Sahara, inclusi Merzouga.","breadcrumb":{"@id":"https:\/\/trips-around-morocco.com\/it\/tours\/tour-di-3-giorni-da-fes-a-marrakech#breadcrumb"},"inLanguage":"it-IT","potentialAction":[{"@type":"ReadAction","target":["https:\/\/trips-around-morocco.com\/it\/tours\/tour-di-3-giorni-da-fes-a-marrakech"]}]},{"@type":"ImageObject","inLanguage":"it-IT","@id":"https:\/\/trips-around-morocco.com\/it\/tours\/tour-di-3-giorni-da-fes-a-marrakech#primaryimage","url":"https:\/\/trips-around-morocco.com\/wp-content\/uploads\/2025\/11\/3-day-Desert-tour-from-Fes-to-Marrakech3-1.jpg","contentUrl":"https:\/\/trips-around-morocco.com\/wp-content\/uploads\/2025\/11\/3-day-Desert-tour-from-Fes-to-Marrakech3-1.jpg","width":1280,"height":853,"caption":"Tour di 3 giorni nel deserto da Fes a Marrakech"},{"@type":"BreadcrumbList","@id":"https:\/\/trips-around-morocco.com\/it\/tours\/tour-di-3-giorni-da-fes-a-marrakech#breadcrumb","itemListElement":[{"@type":"ListItem","position":1,"name":"Home","item":"https:\/\/trips-around-morocco.com\/it\/"},{"@type":"ListItem","position":2,"name":"Prodotti","item":"https:\/\/trips-around-morocco.com\/it\/shop\/"},{"@type":"ListItem","position":3,"name":"Tour di 3 giorni da Fes a Marrakech"}]},{"@type":"WebSite","@id":"https:\/\/trips-around-morocco.com\/it\/#website","url":"https:\/\/trips-around-morocco.com\/it\/","name":"Trips Around Morocco","description":"Travel Agency","potentialAction":[{"@type":"SearchAction","target":{"@type":"EntryPoint","urlTemplate":"https:\/\/trips-around-morocco.com\/it\/?s={search_term_string}"},"query-input":{"@type":"PropertyValueSpecification","valueRequired":true,"valueName":"search_term_string"}}],"inLanguage":"it-IT"}]}},"_links":{"self":[{"href":"https:\/\/trips-around-morocco.com\/it\/wp-json\/wp\/v2\/product\/2510","targetHints":{"allow":["GET"]}}],"collection":[{"href":"https:\/\/trips-around-morocco.com\/it\/wp-json\/wp\/v2\/product"}],"about":[{"href":"https:\/\/trips-around-morocco.com\/it\/wp-json\/wp\/v2\/types\/product"}],"replies":[{"embeddable":true,"href":"https:\/\/trips-around-morocco.com\/it\/wp-json\/wp\/v2\/comments?post=2510"}],"wp:featuredmedia":[{"embeddable":true,"href":"https:\/\/trips-around-morocco.com\/it\/wp-json\/wp\/v2\/media\/2524"}],"wp:attachment":[{"href":"https:\/\/trips-around-morocco.com\/it\/wp-json\/wp\/v2\/media?parent=2510"}],"wp:term":[{"taxonomy":"product_brand","embeddable":true,"href":"https:\/\/trips-around-morocco.com\/it\/wp-json\/wp\/v2\/product_brand?post=2510"},{"taxonomy":"product_cat","embeddable":true,"href":"https:\/\/trips-around-morocco.com\/it\/wp-json\/wp\/v2\/product_cat?post=2510"},{"taxonomy":"product_tag","embeddable":true,"href":"https:\/\/trips-around-morocco.com\/it\/wp-json\/wp\/v2\/product_tag?post=2510"}],"curies":[{"name":"wp","href":"https:\/\/api.w.org\/{rel}","templated":true}]}}