{"id":2572,"date":"2025-11-05T09:37:32","date_gmt":"2025-11-05T09:37:32","guid":{"rendered":"https:\/\/trips-around-morocco.com\/product\/7-days-tour-from-agadir-to-merzouga\/"},"modified":"2025-12-11T13:26:36","modified_gmt":"2025-12-11T13:26:36","slug":"tour-di-7-giorni-da-agadir","status":"publish","type":"product","link":"https:\/\/trips-around-morocco.com\/it\/tours\/tour-di-7-giorni-da-agadir","title":{"rendered":"Tour di 7 giorni da Agadir"},"content":{"rendered":"<p>Panoramica del tour di 7 giorni da Agadir<\/p>\n<p>5.0 <span style=\"color: #ff8400; font-size: 18px;\">\u2605\u2605\u2605\u2605\u2605<\/span> 49 Recensioni<\/p>\n<p>Preparatevi per un fantastico tour di 7 giorni da Agadir con <a href=\"https:\/\/trips-around-morocco.com\/\">Trips Around Morocco<\/a>! Questo emozionante viaggio vi porter\u00e0 da Agadir a Merzouga, il cuore del deserto del Sahara. Ma c&#8217;\u00e8 di pi\u00f9! Questa escursione individuale vi permetter\u00e0 di personalizzare la vostra esperienza in base ai vostri interessi e al vostro budget, a differenza dei tour di gruppo. Trips Around Morocco pu\u00f2 creare il programma ideale, sia che cerchiate un alloggio lussuoso o qualcosa di pi\u00f9 economico.<\/p>\n<p>I paesaggi mozzafiato e la vivace cultura del <a href=\"https:\/\/it.wikipedia.org\/wiki\/Marocco\">Marocco<\/a> sono accessibili tutto l&#8217;anno, anche se i prezzi possono variare in base alle stagioni di maggiore affluenza. Allo stesso modo, la scelta dell&#8217;alloggio, dai confortevoli riad ai sontuosi campi nel deserto, incider\u00e0 sul costo totale. Ma non preoccupatevi, Trips Around Morocco ha soluzioni adatte a ogni stile di viaggio e budget, garantendovi un&#8217;incredibile esperienza marocchina di 7 giorni da Agadir che non dimenticherete facilmente!<\/p>\n<table class=\"tours-tabs_table\">\n<tbody>\n<tr>\n<td><strong>LUOGO DI PARTENZA\/RITORNO<\/strong><\/td>\n<td>Da Agadir a Merzouga<\/td>\n<\/tr>\n<tr>\n<td><strong>ORA DI PARTENZA<\/strong><\/td>\n<td>Dalle 8 alle 9<\/td>\n<\/tr>\n<tr>\n<td><strong>INCLUSO<\/strong><\/td>\n<td>\n<table>\n<tbody>\n<tr>\n<td><i class=\"fa fa-check icon-tick icon-tick--on\"><\/i>Arrivo e partenza dalla struttura ricettiva.<\/td>\n<td><i class=\"fa fa-check icon-tick icon-tick--on\"><\/i>Un cammello per ogni persona.<\/td>\n<\/tr>\n<tr>\n<td><i class=\"fa fa-check icon-tick icon-tick--on\"><\/i>Sistemazione in tende berbere.<\/td>\n<td><i class=\"fa fa-check icon-tick icon-tick--on\"><\/i>un&#8217;auto che funziona a benzina.<\/td>\n<\/tr>\n<\/tbody>\n<\/table>\n<\/td>\n<\/tr>\n<tr>\n<td><strong>NON INCLUSO<\/strong><\/td>\n<td>\n<table>\n<tbody>\n<tr>\n<td><i class=\"fa fa-times icon-tick icon-tick--off\"><\/i>Assicurazione di viaggio.<\/td>\n<\/tr>\n<tr>\n<td><i class=\"fa fa-times icon-tick icon-tick--off\"><\/i>Pranzi<\/td>\n<\/tr>\n<\/tbody>\n<\/table>\n<\/td>\n<\/tr>\n<\/tbody>\n<\/table>\n<p>&nbsp;<\/p>\n","protected":false},"excerpt":{"rendered":"<p>Panoramica del tour di 7 giorni da Agadir<br \/>\n5.0 \u2605\u2605\u2605\u2605\u2605 49 Recensioni<br \/>\nPreparatevi per un fantastico tour di 7 giorni da Agadir con Trips Around Morocco! Questo emozionante viaggio vi <\/p>\n","protected":false},"featured_media":2585,"comment_status":"open","ping_status":"closed","template":"","meta":{"_joinchat":[]},"product_brand":[],"product_cat":[],"product_tag":[],"class_list":{"0":"post-2572","1":"product","2":"type-product","3":"status-publish","4":"has-post-thumbnail","6":"tour_phys-agadir-tours","7":"pa_destination-agadir","9":"first","10":"instock","11":"shipping-taxable","12":"product-type-tour_phys"},"yoast_head":"<!-- This site is optimized with the Yoast SEO plugin v27.3 - https:\/\/yoast.com\/product\/yoast-seo-wordpress\/ -->\n<title>Tour di 7 giorni da Agadir<\/title>\n<meta name=\"description\" content=\"Viaggi attraverso il Marocco Pianifica questo tour di 7 giorni da Agadir per scoprire il deserto del Sahara, Essaouira, le antiche Kasbah e molto altro.\" \/>\n<meta name=\"robots\" content=\"index, follow, max-snippet:-1, max-image-preview:large, max-video-preview:-1\" \/>\n<link rel=\"canonical\" href=\"https:\/\/trips-around-morocco.com\/it\/tours\/tour-di-7-giorni-da-agadir\/\" \/>\n<meta property=\"og:locale\" content=\"it_IT\" \/>\n<meta property=\"og:type\" content=\"article\" \/>\n<meta property=\"og:title\" content=\"Tour di 7 giorni da Agadir\" \/>\n<meta property=\"og:description\" content=\"Viaggi attraverso il Marocco Pianifica questo tour di 7 giorni da Agadir per scoprire il deserto del Sahara, Essaouira, le antiche Kasbah e molto altro.\" \/>\n<meta property=\"og:url\" content=\"https:\/\/trips-around-morocco.com\/it\/tours\/tour-di-7-giorni-da-agadir\" \/>\n<meta property=\"og:site_name\" content=\"Trips Around Morocco\" \/>\n<meta property=\"article:modified_time\" content=\"2025-12-11T13:26:36+00:00\" \/>\n<meta property=\"og:image\" content=\"https:\/\/trips-around-morocco.com\/wp-content\/uploads\/2025\/11\/Tour-di-7-giorni-da-Agadir.jpg\" \/>\n\t<meta property=\"og:image:width\" content=\"1280\" \/>\n\t<meta property=\"og:image:height\" content=\"960\" \/>\n\t<meta property=\"og:image:type\" content=\"image\/jpeg\" \/>\n<meta name=\"twitter:card\" content=\"summary_large_image\" \/>\n<meta name=\"twitter:label1\" content=\"Tempo di lettura stimato\" \/>\n\t<meta name=\"twitter:data1\" content=\"2 minuti\" \/>\n<!-- \/ Yoast SEO plugin. -->","yoast_head_json":{"title":"Tour di 7 giorni da Agadir","description":"Viaggi attraverso il Marocco Pianifica questo tour di 7 giorni da Agadir per scoprire il deserto del Sahara, Essaouira, le antiche Kasbah e molto altro.","robots":{"index":"index","follow":"follow","max-snippet":"max-snippet:-1","max-image-preview":"max-image-preview:large","max-video-preview":"max-video-preview:-1"},"canonical":"https:\/\/trips-around-morocco.com\/it\/tours\/tour-di-7-giorni-da-agadir\/","og_locale":"it_IT","og_type":"article","og_title":"Tour di 7 giorni da Agadir","og_description":"Viaggi attraverso il Marocco Pianifica questo tour di 7 giorni da Agadir per scoprire il deserto del Sahara, Essaouira, le antiche Kasbah e molto altro.","og_url":"https:\/\/trips-around-morocco.com\/it\/tours\/tour-di-7-giorni-da-agadir","og_site_name":"Trips Around Morocco","article_modified_time":"2025-12-11T13:26:36+00:00","og_image":[{"width":1280,"height":960,"url":"https:\/\/trips-around-morocco.com\/wp-content\/uploads\/2025\/11\/Tour-di-7-giorni-da-Agadir.jpg","type":"image\/jpeg"}],"twitter_card":"summary_large_image","twitter_misc":{"Tempo di lettura stimato":"2 minuti"},"schema":{"@context":"https:\/\/schema.org","@graph":[{"@type":"WebPage","@id":"https:\/\/trips-around-morocco.com\/it\/tours\/tour-di-7-giorni-da-agadir","url":"https:\/\/trips-around-morocco.com\/it\/tours\/tour-di-7-giorni-da-agadir","name":"Tour di 7 giorni da Agadir","isPartOf":{"@id":"https:\/\/trips-around-morocco.com\/it\/#website"},"primaryImageOfPage":{"@id":"https:\/\/trips-around-morocco.com\/it\/tours\/tour-di-7-giorni-da-agadir#primaryimage"},"image":{"@id":"https:\/\/trips-around-morocco.com\/it\/tours\/tour-di-7-giorni-da-agadir#primaryimage"},"thumbnailUrl":"https:\/\/trips-around-morocco.com\/wp-content\/uploads\/2025\/11\/Tour-di-7-giorni-da-Agadir.jpg","datePublished":"2025-11-05T09:37:32+00:00","dateModified":"2025-12-11T13:26:36+00:00","description":"Viaggi attraverso il Marocco Pianifica questo tour di 7 giorni da Agadir per scoprire il deserto del Sahara, Essaouira, le antiche Kasbah e molto altro.","breadcrumb":{"@id":"https:\/\/trips-around-morocco.com\/it\/tours\/tour-di-7-giorni-da-agadir#breadcrumb"},"inLanguage":"it-IT","potentialAction":[{"@type":"ReadAction","target":["https:\/\/trips-around-morocco.com\/it\/tours\/tour-di-7-giorni-da-agadir"]}]},{"@type":"ImageObject","inLanguage":"it-IT","@id":"https:\/\/trips-around-morocco.com\/it\/tours\/tour-di-7-giorni-da-agadir#primaryimage","url":"https:\/\/trips-around-morocco.com\/wp-content\/uploads\/2025\/11\/Tour-di-7-giorni-da-Agadir.jpg","contentUrl":"https:\/\/trips-around-morocco.com\/wp-content\/uploads\/2025\/11\/Tour-di-7-giorni-da-Agadir.jpg","width":1280,"height":960,"caption":"Tour di 7 giorni da Agadir"},{"@type":"BreadcrumbList","@id":"https:\/\/trips-around-morocco.com\/it\/tours\/tour-di-7-giorni-da-agadir#breadcrumb","itemListElement":[{"@type":"ListItem","position":1,"name":"Home","item":"https:\/\/trips-around-morocco.com\/it\/"},{"@type":"ListItem","position":2,"name":"Prodotti","item":"https:\/\/trips-around-morocco.com\/it\/shop\/"},{"@type":"ListItem","position":3,"name":"Tour di 7 giorni da Agadir"}]},{"@type":"WebSite","@id":"https:\/\/trips-around-morocco.com\/it\/#website","url":"https:\/\/trips-around-morocco.com\/it\/","name":"Trips Around Morocco","description":"Travel Agency","potentialAction":[{"@type":"SearchAction","target":{"@type":"EntryPoint","urlTemplate":"https:\/\/trips-around-morocco.com\/it\/?s={search_term_string}"},"query-input":{"@type":"PropertyValueSpecification","valueRequired":true,"valueName":"search_term_string"}}],"inLanguage":"it-IT"}]}},"_links":{"self":[{"href":"https:\/\/trips-around-morocco.com\/it\/wp-json\/wp\/v2\/product\/2572","targetHints":{"allow":["GET"]}}],"collection":[{"href":"https:\/\/trips-around-morocco.com\/it\/wp-json\/wp\/v2\/product"}],"about":[{"href":"https:\/\/trips-around-morocco.com\/it\/wp-json\/wp\/v2\/types\/product"}],"replies":[{"embeddable":true,"href":"https:\/\/trips-around-morocco.com\/it\/wp-json\/wp\/v2\/comments?post=2572"}],"wp:featuredmedia":[{"embeddable":true,"href":"https:\/\/trips-around-morocco.com\/it\/wp-json\/wp\/v2\/media\/2585"}],"wp:attachment":[{"href":"https:\/\/trips-around-morocco.com\/it\/wp-json\/wp\/v2\/media?parent=2572"}],"wp:term":[{"taxonomy":"product_brand","embeddable":true,"href":"https:\/\/trips-around-morocco.com\/it\/wp-json\/wp\/v2\/product_brand?post=2572"},{"taxonomy":"product_cat","embeddable":true,"href":"https:\/\/trips-around-morocco.com\/it\/wp-json\/wp\/v2\/product_cat?post=2572"},{"taxonomy":"product_tag","embeddable":true,"href":"https:\/\/trips-around-morocco.com\/it\/wp-json\/wp\/v2\/product_tag?post=2572"}],"curies":[{"name":"wp","href":"https:\/\/api.w.org\/{rel}","templated":true}]}}